{"id":12,"date":"2025-06-27T21:42:16","date_gmt":"2025-06-27T18:42:16","guid":{"rendered":"https:\/\/enilion.gr\/?page_id=12"},"modified":"2026-03-18T13:24:31","modified_gmt":"2026-03-18T10:24:31","slug":"sxetika-me-emas","status":"publish","type":"page","link":"https:\/\/kozani.enilion.gr\/de\/sxetika-me-emas\/","title":{"rendered":"\u00dcber uns"},"content":{"rendered":"<div data-elementor-type=\"wp-page\" data-elementor-id=\"12\" class=\"elementor elementor-12\" data-elementor-post-type=\"page\">\n\t\t\t\t<div class=\"elementor-element elementor-element-155299b e-flex e-con-boxed e-con e-parent\" data-id=\"155299b\" data-element_type=\"container\" data-e-type=\"container\" data-settings=\"{&quot;background_background&quot;:&quot;classic&quot;}\">\n\t\t\t\t\t<div class=\"e-con-inner\">\n\t\t\t\t<div class=\"elementor-element elementor-element-c911d99 elementor-widget elementor-widget-heading\" data-id=\"c911d99\" data-element_type=\"widget\" data-e-type=\"widget\" data-widget_type=\"heading.default\">\n\t\t\t\t<div class=\"elementor-widget-container\">\n\t\t\t\t\t<h1 class=\"elementor-heading-title elementor-size-default\"><a href=\"https:\/\/kozani.enilion.gr\/de\/sxetika-me-emas\/\">Altenpflege in Tsotyli, Kozani \u2013 Wer wir sind<\/a><\/h1>\t\t\t\t<\/div>\n\t\t\t\t<\/div>\n\t\t\t\t\t<\/div>\n\t\t\t\t<\/div>\n\t\t<div class=\"elementor-element elementor-element-5cc2290 e-flex e-con-boxed e-con e-parent\" data-id=\"5cc2290\" data-element_type=\"container\" data-e-type=\"container\" data-settings=\"{&quot;background_background&quot;:&quot;classic&quot;}\">\n\t\t\t\t\t<div class=\"e-con-inner\">\n\t\t<div class=\"elementor-element elementor-element-c5ec4c3 e-con-full e-flex e-con e-child\" data-id=\"c5ec4c3\" data-element_type=\"container\" data-e-type=\"container\">\n\t\t\t\t<div class=\"elementor-element elementor-element-e92b090 elementor-widget elementor-widget-heading\" data-id=\"e92b090\" data-element_type=\"widget\" data-e-type=\"widget\" data-widget_type=\"heading.default\">\n\t\t\t\t<div class=\"elementor-widget-container\">\n\t\t\t\t\t<h2 class=\"elementor-heading-title elementor-size-default\">Willkommen in Enylion Tsotyli Kozani<\/h2>\t\t\t\t<\/div>\n\t\t\t\t<\/div>\n\t\t\t\t<div class=\"elementor-element elementor-element-0815a02 elementor-widget elementor-widget-text-editor\" data-id=\"0815a02\" data-element_type=\"widget\" data-e-type=\"widget\" data-widget_type=\"text-editor.default\">\n\t\t\t\t<div class=\"elementor-widget-container\">\n\t\t\t\t\t\t\t\t\t<p>Tsocholi ist eine wundersch\u00f6ne historische Stadt in Westmakedonien, die am Amphitheater an den H\u00e4ngen des Berges Askio (Siniatsiko) auf einer H\u00f6he von etwa 850 Metern und in geringer Entfernung von Neapoli Kozanis, Kozani, Kastoria, Grevena, Siatista und Florina gebaut wurde. Vom 18. und 19. Jahrhundert an war sie ein wichtiges Handels- und Geisteszentrum der Region mit florierender Aktivit\u00e4t und einer starken Pr\u00e4senz von Wohlt\u00e4tern, die Bildung und soziale Entwicklung unterst\u00fctzten.<\/p>\t\t\t\t\t\t\t\t<\/div>\n\t\t\t\t<\/div>\n\t\t\t\t<\/div>\n\t\t\t\t\t<\/div>\n\t\t\t\t<\/div>\n\t\t<div class=\"elementor-element elementor-element-78785a9 e-flex e-con-boxed e-con e-parent\" data-id=\"78785a9\" data-element_type=\"container\" data-e-type=\"container\" data-settings=\"{&quot;background_background&quot;:&quot;classic&quot;}\">\n\t\t\t\t\t<div class=\"e-con-inner\">\n\t\t\t\t<div class=\"elementor-element elementor-element-0d2029b elementor-widget elementor-widget-heading\" data-id=\"0d2029b\" data-element_type=\"widget\" data-e-type=\"widget\" data-widget_type=\"heading.default\">\n\t\t\t\t<div class=\"elementor-widget-container\">\n\t\t\t\t\t<h2 class=\"elementor-heading-title elementor-size-default\">\u0395\u039d\u0397\u039b\u0399\u039f\u039d \u0395\u03a1\u0393\u0391 \u0395\u03a5\u0393\u0397\u03a1\u0399\u0391\u03a3 \u03a4\u03a3\u039f\u03a4\u03a5\u039b\u0399 \u039a\u039f\u0396\u0391\u039d\u0397\u03a3 - \u03a7\u03ac\u03c1\u03c4\u03b7\u03c2<\/h2>\t\t\t\t<\/div>\n\t\t\t\t<\/div>\n\t\t\t\t<div class=\"elementor-element elementor-element-1a471a5 elementor-widget elementor-widget-shortcode\" data-id=\"1a471a5\" data-element_type=\"widget\" data-e-type=\"widget\" data-widget_type=\"shortcode.default\">\n\t\t\t\t<div class=\"elementor-widget-container\">\n\t\t\t\t\t\t\t<div class=\"elementor-shortcode\">\n\t\t\t\t<div class='mapster-wp-maps-container'>\n\t\t\t\t<div class='mapster-wp-maps-loader-container' style='height: 400px;width: 100%;'>\n\t\t\t\t\t<div class='mapster-map-loader-initial' style='background-color: rgba(255,255,255,0.6)'>\n\t\t\t\t\t\t<svg stroke=\"rgba(0, 0, 0, 0.3)\" fill=\"rgba(0, 0, 0, 0.3)\"width=\"38\" height=\"38\" viewbox=\"0 0 38 38\" xmlns=\"http:\/\/www.w3.org\/2000\/svg\"> <g fill=\"none\" fill-rule=\"evenodd\"> <g transform=\"translate(1 1)\" stroke-width=\"2\"> <circle stroke-opacity=\".5\" cx=\"18\" cy=\"18\" r=\"18\"\/> <path d=\"M36 18c0-9.94-8.06-18-18-18\"> <animatetransform attributename=\"transform\" type=\"rotate\" from=\"0 18 18\" to=\"360 18 18\" dur=\"1s\" repeatcount=\"indefinite\"\/> <\/path> <\/g> <\/g> <\/svg>\n\t\t\t\t\t<\/div>\n\t\t\t\t<\/div>\n\t\t\t\t<div class='mapster-wp-maps'\n\t\t\t\t\tid='mapster-wp-maps-260'\n\t\t\t\t\tdata-id='260'\n\t\t\t\t\tdata-latitude='null'\n\t\t\t\t\tdata-longitude='null'\n\t\t\t\t\tdata-zoom='null'\n\t\t\t\t\tdata-single_feature_id=''\n\t\t\t\t\tdata-feature_ids=''>\n\t\t\t\t<\/div>\n\t\t\t\t\n\t\t\t<\/div>\n\t\t<\/div>\n\t\t\t\t\t\t<\/div>\n\t\t\t\t<\/div>\n\t\t\t\t\t<\/div>\n\t\t\t\t<\/div>\n\t\t<div class=\"elementor-element elementor-element-776271b e-flex e-con-boxed e-con e-parent\" data-id=\"776271b\" data-element_type=\"container\" data-e-type=\"container\" data-settings=\"{&quot;background_background&quot;:&quot;classic&quot;}\">\n\t\t\t\t\t<div class=\"e-con-inner\">\n\t\t<div class=\"elementor-element elementor-element-f908967 e-con-full e-flex e-con e-child\" data-id=\"f908967\" data-element_type=\"container\" data-e-type=\"container\">\n\t\t\t\t<div class=\"elementor-element elementor-element-60bf7ff elementor-widget elementor-widget-text-editor\" data-id=\"60bf7ff\" data-element_type=\"widget\" data-e-type=\"widget\" data-widget_type=\"text-editor.default\">\n\t\t\t\t<div class=\"elementor-widget-container\">\n\t\t\t\t\t\t\t\t\t<p>Am Montag, den 10. M\u00e4rz, unterzeichneten der B\u00fcrgermeister von Voio, Christos Zeuklis, und der Leiter des Unternehmens \u00abEnilion Seniorenprojekte von Tsotylion\u00bb, Nikos Tatsis, die Mietvertr\u00e4ge f\u00fcr das Pflegeheim Dourmousoglio von Tsotylion, damit dieses elegante Geb\u00e4ude f\u00fcr den Zweck genutzt werden kann, f\u00fcr den es errichtet wurde. Der Vertrag hat eine Laufzeit von 25 Jahren, um den \u00e4lteren Menschen in der Gemeinde Voio, in Kozani und in Westmazedonien qualitativ hochwertige Dienstleistungen zu bieten. Der B\u00fcrgermeister von Voio, Christos Zeuklis, bezeichnete diese Entwicklung als wichtig, da es sich um einen langj\u00e4hrigen Wunsch der Gemeinde handelt und die Gemeindeverwaltung alle b\u00fcrokratischen Hindernisse \u00fcberwinden konnte, um zu diesem Ergebnis zu gelangen. Nach Angaben des Vertreters des Unternehmens, Nikolaos Tatsis, wird der Betrieb der Anlage in 5-6 Monaten aufgenommen. Es wird erwartet, dass etwa 40 Personen verschiedener Fachrichtungen eingestellt werden, und in der ersten Phase werden 70 \u00e4ltere Menschen davon profitieren, w\u00e4hrend bei voller Entwicklung 100-110 Personen untergebracht werden k\u00f6nnen. Die Einrichtung wird medizinische Versorgung, \u00dcbernachtungsm\u00f6glichkeiten f\u00fcr zwei Tage, Physiotherapie, Bewegung, Ern\u00e4hrung und psychologische Betreuung sowie h\u00e4usliche Dienstleistungen anbieten.<\/p>\t\t\t\t\t\t\t\t<\/div>\n\t\t\t\t<\/div>\n\t\t\t\t<div class=\"elementor-element elementor-element-81cdf8e elementor-widget elementor-widget-gallery\" data-id=\"81cdf8e\" data-element_type=\"widget\" data-e-type=\"widget\" data-settings=\"{&quot;columns&quot;:2,&quot;lazyload&quot;:&quot;yes&quot;,&quot;gallery_layout&quot;:&quot;grid&quot;,&quot;columns_tablet&quot;:2,&quot;columns_mobile&quot;:1,&quot;gap&quot;:{&quot;unit&quot;:&quot;px&quot;,&quot;size&quot;:10,&quot;sizes&quot;:[]},&quot;gap_tablet&quot;:{&quot;unit&quot;:&quot;px&quot;,&quot;size&quot;:10,&quot;sizes&quot;:[]},&quot;gap_mobile&quot;:{&quot;unit&quot;:&quot;px&quot;,&quot;size&quot;:10,&quot;sizes&quot;:[]},&quot;link_to&quot;:&quot;file&quot;,&quot;aspect_ratio&quot;:&quot;3:2&quot;,&quot;overlay_background&quot;:&quot;yes&quot;,&quot;content_hover_animation&quot;:&quot;fade-in&quot;}\" data-widget_type=\"gallery.default\">\n\t\t\t\t<div class=\"elementor-widget-container\">\n\t\t\t\t\t\t\t<div class=\"elementor-gallery__container\">\n\t\t\t\t\t\t\t<a class=\"e-gallery-item elementor-gallery-item elementor-animated-content\" href=\"https:\/\/kozani.enilion.gr\/wp-content\/uploads\/2026\/03\/enilion_kozani_39.jpg\" data-elementor-open-lightbox=\"yes\" data-elementor-lightbox-slideshow=\"81cdf8e\" data-elementor-lightbox-title=\"enilion_kozani_39\" data-e-action-hash=\"#elementor-action%3Aaction%3Dlightbox%26settings%3DeyJpZCI6MjIwMywidXJsIjoiaHR0cHM6XC9cL2tvemFuaS5lbmlsaW9uLmdyXC93cC1jb250ZW50XC91cGxvYWRzXC8yMDI2XC8wM1wvZW5pbGlvbl9rb3phbmlfMzkuanBnIiwic2xpZGVzaG93IjoiODFjZGY4ZSJ9\">\n\t\t\t\t\t<div class=\"e-gallery-image elementor-gallery-item__image\" data-thumbnail=\"https:\/\/kozani.enilion.gr\/wp-content\/uploads\/2026\/03\/enilion_kozani_39.jpg\" data-width=\"690\" data-height=\"388\" aria-label=\"Foto von zwei Herren (einer ist Herr Nikos Tatsis)\" role=\"img\" ><\/div>\n\t\t\t\t\t\t\t\t\t\t\t<div class=\"elementor-gallery-item__overlay\"><\/div>\n\t\t\t\t\t\t\t\t\t\t\t\t\t\t<\/a>\n\t\t\t\t\t\t\t<a class=\"e-gallery-item elementor-gallery-item elementor-animated-content\" href=\"https:\/\/kozani.enilion.gr\/wp-content\/uploads\/2026\/03\/enilion_kozani_38.jpg\" data-elementor-open-lightbox=\"yes\" data-elementor-lightbox-slideshow=\"81cdf8e\" data-elementor-lightbox-title=\"enilion_kozani_38\" data-e-action-hash=\"#elementor-action%3Aaction%3Dlightbox%26settings%3DeyJpZCI6MjIwNCwidXJsIjoiaHR0cHM6XC9cL2tvemFuaS5lbmlsaW9uLmdyXC93cC1jb250ZW50XC91cGxvYWRzXC8yMDI2XC8wM1wvZW5pbGlvbl9rb3phbmlfMzguanBnIiwic2xpZGVzaG93IjoiODFjZGY4ZSJ9\">\n\t\t\t\t\t<div class=\"e-gallery-image elementor-gallery-item__image\" data-thumbnail=\"https:\/\/kozani.enilion.gr\/wp-content\/uploads\/2026\/03\/enilion_kozani_38.jpg\" data-width=\"588\" data-height=\"331\" aria-label=\"Foto von Herrn Nikos Tatsis mit anderen Herren\" role=\"img\" ><\/div>\n\t\t\t\t\t\t\t\t\t\t\t<div class=\"elementor-gallery-item__overlay\"><\/div>\n\t\t\t\t\t\t\t\t\t\t\t\t\t\t<\/a>\n\t\t\t\t\t<\/div>\n\t\t\t\t\t<\/div>\n\t\t\t\t<\/div>\n\t\t\t\t<\/div>\n\t\t\t\t\t<\/div>\n\t\t\t\t<\/div>\n\t\t<div class=\"elementor-element elementor-element-3107980 e-flex e-con-boxed e-con e-parent\" data-id=\"3107980\" data-element_type=\"container\" data-e-type=\"container\" data-settings=\"{&quot;background_background&quot;:&quot;classic&quot;}\">\n\t\t\t\t\t<div class=\"e-con-inner\">\n\t\t<div class=\"elementor-element elementor-element-db7766e e-con-full e-flex e-con e-child\" data-id=\"db7766e\" data-element_type=\"container\" data-e-type=\"container\">\n\t\t\t\t<div class=\"elementor-element elementor-element-a9be69f elementor-widget elementor-widget-heading\" data-id=\"a9be69f\" data-element_type=\"widget\" data-e-type=\"widget\" data-widget_type=\"heading.default\">\n\t\t\t\t<div class=\"elementor-widget-container\">\n\t\t\t\t\t<h2 class=\"elementor-heading-title elementor-size-default\">Einheitsverlauf<\/h2>\t\t\t\t<\/div>\n\t\t\t\t<\/div>\n\t\t\t\t<div class=\"elementor-element elementor-element-33cd436 elementor-widget elementor-widget-text-editor\" data-id=\"33cd436\" data-element_type=\"widget\" data-e-type=\"widget\" data-widget_type=\"text-editor.default\">\n\t\t\t\t<div class=\"elementor-widget-container\">\n\t\t\t\t\t\t\t\t\t<p>Mit gro\u00dfer Freude und einem Gef\u00fchl der Verantwortung werden wir in wenigen Monaten die Inbetriebnahme unserer neuen, zweiten Muster-Seniorenresidenz in Tsotyli in der Gemeinde Voio, Pr\u00e4fektur Kozani, bekannt geben.<br \/>Im Laufe der n\u00e4chsten Zeit werden wir alle notwendigen Bauarbeiten abschlie\u00dfen, damit die Einrichtung die bestm\u00f6glichen Dienstleistungen erbringen kann.<\/p><p>Die langj\u00e4hrige Erfahrung der Akteure von Enilion sowie die bestehende Muster-Seniorenresidenz in Nafpaktos, die seit einigen Monaten nach europ\u00e4ischen Standards betrieben wird, lassen uns glauben, dass die Residenz in Tsotyli neue Ma\u00dfst\u00e4be in der Altenpflege f\u00fcr Nordgriechenland setzen wird.<\/p><p>Der von uns geschaffene Raum wird Lebensqualit\u00e4t, absolute Sicherheit und F\u00fcrsorge sowie menschliche W\u00e4rme bieten.<br \/>Unsere Einheit ist in einem herausragenden Geb\u00e4ude von 3.000 m\u00b2 mit besonderem historischen und ethischen Wert untergebracht, das vor einigen Jahren vom Wohlt\u00e4ter Ilias Dourmousis als Altenheim erbaut wurde.<br \/>Ilias Dourmousis war eine bedeutende Pers\u00f6nlichkeit f\u00fcr die Region, mit einem ausgepr\u00e4gten Sinn f\u00fcr soziales Engagement und Solidarit\u00e4t.<br \/>Mit seinem Testament und seinem Willen hinterlie\u00df er ein Werk der Liebe und w\u00fcnschte sich einen Ort, der die Menschen im dritten Lebensalter unterst\u00fctzt und betreut. Seine Initiative ist f\u00fcr uns Inspiration und Verpflichtung, seine Vision mit Konsequenz und Respekt zu ehren. Das Erbe und die Vision des Wohlt\u00e4ters Elias Dourmousis, kombiniert mit dem langj\u00e4hrigen Kampf des derzeitigen B\u00fcrgermeisters Christos Zevklis und des Gemeinderats von Vojos, f\u00fchrten zur Fertigstellung und Inbetriebnahme der Einheit. Enilion t\u00e4tigt eine sehr gro\u00dfe Investition, indem es die Bauarbeiten abschlie\u00dft und die Einheit bestm\u00f6glich ausstattet.<\/p><p>Die Schaffung neuer Arbeitspl\u00e4tze, die St\u00e4rkung der lokalen Wirtschaft und die vorbildliche Pflege f\u00fcr die \u00e4ltere Generation sind einige der Vorteile, die sich f\u00fcr die gesamte Region ergeben werden. Unsere neue Einrichtung wurde so konzipiert, dass sie Folgendes bietet:<br \/>\u2022 Sichere und funktionale Wohnumgebung<br \/>\u2022 24-st\u00fcndige Betreuung durch Fachpersonal<br \/>Medizinische und pflegerische Unterst\u00fctzung<br \/>\u2022 Personalisierte Ern\u00e4hrung<br \/>T\u00e4gliche Aktivit\u00e4ten zur Sozialisierung und kreativen Besch\u00e4ftigung<br \/>Ergotherapie<br \/>\u2022 Fortlaufende Aktivit\u00e4ten au\u00dferhalb der Einheit und Ausfl\u00fcge<br \/>\u2022 Kostenloses Besuchsrecht<br \/>\u2022 Psychosoziale Unterst\u00fctzung f\u00fcr die Bewohner und ihre Familien<br \/>Tageszentrum<br \/>Hauspflege<br \/>\u2022 M\u00f6glichkeit eines Kurzaufenthalts<br \/>Wiederherstellung und Spezialbehandlungen<br \/>Geriatrischer Tourismus<br \/>Innerhalb der Einheit wird es einen Raum f\u00fcr Gottesdienste, viele Lounges und Ruher\u00e4ume, Au\u00dfenlounges in den G\u00e4rten, Speises\u00e4le, ein Caf\u00e9, gro\u00dfe Fernseher mit Pay-TV, ein Kino, Fitnessstudios, eine Bibliothek, hochmoderne medizinische und pflegerische Ger\u00e4te, spezielle Aktivit\u00e4tsr\u00e4ume, einen Pool und mehr geben.<br \/>Unser Ziel ist es, eine herzliche Gemeinschaft zu schaffen, in der sich jeder Bewohner respektiert f\u00fchlt und Familien sich sicher sein k\u00f6nnen, dass ihre Liebsten W\u00fcrde und eine sinnvolle Pflege erhalten.<\/p><p>Wir glauben, dass das dritte Lebensalter die beste Lebensqualit\u00e4t, Liebe und absoluten Respekt verdient. Wir m\u00f6chten betonen, dass die Philosophie unserer Einrichtung auf der Liebe Gottes und dem christlichen Glauben beruht. Unsere G\u00e4ste werden die M\u00f6glichkeit haben, Gottesdienste zu besuchen und werden auch auf spiritueller Ebene tatkr\u00e4ftig unterst\u00fctzt.<\/p><p>Mit tiefem Dank an den Spender und vollem Bewusstsein unserer Verantwortung beginnen wir dieses neue Kapitel des Dienens f\u00fcr das Land, in der Hoffnung, dass unsere Einheit ein Bezugspunkt f\u00fcr Griechenland sein wird. Ein paar Worte \u00fcber Tsotyli Tsotyli ist eine wundersch\u00f6ne historische Stadt in Westmakedonien, die amphitheaterartig an den H\u00e4ngen des Berges Askio (Siniatsiko) auf einer H\u00f6he von etwa 850 Metern erbaut wurde und nicht weit von Neapoli Kozanis, Kozani, Kastoria, Grevena, Siatista und Florina entfernt liegt.<br \/>Vom 18. und 19. Jahrhundert an war sie ein wichtiges Handels- und geistiges Zentrum der Region mit florierender Aktivit\u00e4t und einer starken Pr\u00e4senz von Wohlt\u00e4tern, die Bildung und soziale Entwicklung unterst\u00fctzten.<br \/>Ein wichtiger Meilenstein in der Geschichte des Ortes ist die Gr\u00fcndung der Papageorgiou-Schule durch den nationalen Wohlt\u00e4ter Georgios Papageorgiou, die Tsotyli zu einem bedeutenden Bildungszentrum Makedoniens machte. W\u00e4hrend des Kampfes um Makedonien und der Balkankriege spielte die Region eine aktive Rolle und wurde 1912 befreit.<\/p><p>Klima und nat\u00fcrliche Umwelt:<br \/>Tschotyli zeichnet sich durch ein kontinental-alpines Klima aus. Die reine Atmosph\u00e4re, die \u00fcppige Vegetation und die Ruhe der Natur schaffen ideale Lebensbedingungen, insbesondere f\u00fcr Menschen, die nach Frieden und Lebensqualit\u00e4t suchen. Die Lage unserer Einrichtung in dieser ruhigen und gesunden Umgebung verst\u00e4rkt das Gef\u00fchl der Sicherheit und des Wohlbefindens der G\u00e4ste. Die Anlage, die am Rande der Stadt und direkt neben dem Gesundheitszentrum gebaut wurde, ist sehr gut erreichbar und bietet eine einzigartige Aussicht sowie verschiedene Freizeitm\u00f6glichkeiten wie Parks, Pl\u00e4tze und kleine W\u00e4lder rund um die Anlage.<\/p><p>F\u00fcr weitere Informationen \u00fcber unsere Funktionsweise und Dienstleistungen k\u00f6nnen Sie sich direkt an den Leiter der Einheit, Tatzi Nikolaos, unter 6984220220 (VIBER &amp; WHATSAPP) sowie unter tatsisnikos@yahoo.com wenden. Wir freuen uns darauf, Sie kennenzulernen und Sie ausf\u00fchrlich zu informieren.<\/p>\t\t\t\t\t\t\t\t<\/div>\n\t\t\t\t<\/div>\n\t\t\t\t<\/div>\n\t\t\t\t\t<\/div>\n\t\t\t\t<\/div>\n\t\t\t\t<\/div>","protected":false},"excerpt":{"rendered":"<p>\u03a6\u03c1\u03bf\u03bd\u03c4\u03af\u03b4\u03b1 \u0397\u03bb\u03b9\u03ba\u03b9\u03c9\u03bc\u03ad\u03bd\u03c9\u03bd \u03c3\u03c4\u03bf \u03a4\u03c3\u03bf\u03c4\u03cd\u03bb\u03b9 \u039a\u03bf\u03b6\u03ac\u03bd\u03b7\u03c2 \u2013 \u03a0\u03bf\u03b9\u03bf\u03af \u03b5\u03af\u03bc\u03b1\u03c3\u03c4\u03b5 \u039a\u03b1\u03bb\u03ce\u03c2 \u03ae\u03c1\u03b8\u03b1\u03c4\u03b5 \u03c3\u03c4\u03b7\u03bd \u0395\u03bd\u03ae\u03bb\u03b9\u03bf\u03bd \u03a4\u03c3\u03bf\u03c4\u03c5\u03bb\u03af\u03bf\u03c5 \u039a\u03bf\u03b6\u03ac\u03bd\u03b7\u03c2 \u03a4\u03bf \u03a4\u03c3\u03bf\u03c4\u03cd\u03bb\u03b9 \u03b5\u03af\u03bd\u03b1\u03b9 \u03bc\u03b9\u03b1 \u03c0\u03b1\u03bd\u03ad\u03bc\u03bf\u03c1\u03c6\u03b7 \u03b9\u03c3\u03c4\u03bf\u03c1\u03b9\u03ba\u03ae \u03c0\u03cc\u03bb\u03b7 \u03c4\u03b7\u03c2 \u0394\u03c5\u03c4\u03b9\u03ba\u03ae\u03c2\u00a0 \u039c\u03b1\u03ba\u03b5\u03b4\u03bf\u03bd\u03af\u03b1\u03c2, \u03c7\u03c4\u03b9\u03c3\u03bc\u03ad\u03bd\u03b7 \u03b1\u03bc\u03c6\u03b9\u03b8\u03b5\u03b1\u03c4\u03c1\u03b9\u03ba\u03ac \u03c3\u03c4\u03b9\u03c2 \u03c0\u03bb\u03b1\u03b3\u03b9\u03ad\u03c2 \u03c4\u03bf\u03c5 \u03cc\u03c1\u03bf\u03c5\u03c2 \u0386\u03c3\u03ba\u03b9\u03bf (\u03a3\u03b9\u03bd\u03b9\u03ac\u03c4\u03c3\u03b9\u03ba\u03bf), \u03c3\u03b5 \u03c5\u03c8\u03cc\u03bc\u03b5\u03c4\u03c1\u03bf \u03c0\u03b5\u03c1\u03af\u03c0\u03bf\u03c5 850 \u03bc\u03ad\u03c4\u03c1\u03c9\u03bd \u03ba\u03b1\u03b9 \u03c3\u03b5 \u03bc\u03b9\u03ba\u03c1\u03ae \u03b1\u03c0\u03cc\u03c3\u03c4\u03b1\u03c3\u03b7 \u03b1\u03c0\u03cc \u03c4\u03b7\u03bd \u039d\u03b5\u03ac\u03c0\u03bf\u03bb\u03b7 \u039a\u03bf\u03b6\u03ac\u03bd\u03b7\u03c2, \u03c4\u03b7\u03bd \u039a\u03bf\u03b6\u03ac\u03bd\u03b7, \u03c4\u03b7\u03bd \u039a\u03b1\u03c3\u03c4\u03bf\u03c1\u03b9\u03ac, \u03a4\u03b1 \u0393\u03c1\u03b5\u03b2\u03b5\u03bd\u03ac , \u03c4\u03b7\u03bd \u03a3\u03b9\u03ac\u03c4\u03b9\u03c3\u03c4\u03b1 \u03ba\u03b1\u03b9 [&hellip;]<\/p>\n","protected":false},"author":1,"featured_media":0,"parent":0,"menu_order":0,"comment_status":"closed","ping_status":"closed","template":"","meta":{"_acf_changed":false,"pagelayer_contact_templates":[],"_pagelayer_content":"","_uag_custom_page_level_css":"","footnotes":""},"class_list":["post-12","page","type-page","status-publish","hentry"],"acf":[],"uagb_featured_image_src":{"full":false,"thumbnail":false,"medium":false,"medium_large":false,"large":false,"1536x1536":false,"2048x2048":false,"trp-custom-language-flag":false,"mailpoet_newsletter_max":false},"uagb_author_info":{"display_name":"niktat1973","author_link":"https:\/\/kozani.enilion.gr\/de\/author\/niktat1973\/"},"uagb_comment_info":0,"uagb_excerpt":"\u03a6\u03c1\u03bf\u03bd\u03c4\u03af\u03b4\u03b1 \u0397\u03bb\u03b9\u03ba\u03b9\u03c9\u03bc\u03ad\u03bd\u03c9\u03bd \u03c3\u03c4\u03bf \u03a4\u03c3\u03bf\u03c4\u03cd\u03bb\u03b9 \u039a\u03bf\u03b6\u03ac\u03bd\u03b7\u03c2 \u2013 \u03a0\u03bf\u03b9\u03bf\u03af \u03b5\u03af\u03bc\u03b1\u03c3\u03c4\u03b5 \u039a\u03b1\u03bb\u03ce\u03c2 \u03ae\u03c1\u03b8\u03b1\u03c4\u03b5 \u03c3\u03c4\u03b7\u03bd \u0395\u03bd\u03ae\u03bb\u03b9\u03bf\u03bd \u03a4\u03c3\u03bf\u03c4\u03c5\u03bb\u03af\u03bf\u03c5 \u039a\u03bf\u03b6\u03ac\u03bd\u03b7\u03c2 \u03a4\u03bf \u03a4\u03c3\u03bf\u03c4\u03cd\u03bb\u03b9 \u03b5\u03af\u03bd\u03b1\u03b9 \u03bc\u03b9\u03b1 \u03c0\u03b1\u03bd\u03ad\u03bc\u03bf\u03c1\u03c6\u03b7 \u03b9\u03c3\u03c4\u03bf\u03c1\u03b9\u03ba\u03ae \u03c0\u03cc\u03bb\u03b7 \u03c4\u03b7\u03c2 \u0394\u03c5\u03c4\u03b9\u03ba\u03ae\u03c2\u00a0 \u039c\u03b1\u03ba\u03b5\u03b4\u03bf\u03bd\u03af\u03b1\u03c2, \u03c7\u03c4\u03b9\u03c3\u03bc\u03ad\u03bd\u03b7 \u03b1\u03bc\u03c6\u03b9\u03b8\u03b5\u03b1\u03c4\u03c1\u03b9\u03ba\u03ac \u03c3\u03c4\u03b9\u03c2 \u03c0\u03bb\u03b1\u03b3\u03b9\u03ad\u03c2 \u03c4\u03bf\u03c5 \u03cc\u03c1\u03bf\u03c5\u03c2 \u0386\u03c3\u03ba\u03b9\u03bf (\u03a3\u03b9\u03bd\u03b9\u03ac\u03c4\u03c3\u03b9\u03ba\u03bf), \u03c3\u03b5 \u03c5\u03c8\u03cc\u03bc\u03b5\u03c4\u03c1\u03bf \u03c0\u03b5\u03c1\u03af\u03c0\u03bf\u03c5 850 \u03bc\u03ad\u03c4\u03c1\u03c9\u03bd \u03ba\u03b1\u03b9 \u03c3\u03b5 \u03bc\u03b9\u03ba\u03c1\u03ae \u03b1\u03c0\u03cc\u03c3\u03c4\u03b1\u03c3\u03b7 \u03b1\u03c0\u03cc \u03c4\u03b7\u03bd \u039d\u03b5\u03ac\u03c0\u03bf\u03bb\u03b7 \u039a\u03bf\u03b6\u03ac\u03bd\u03b7\u03c2, \u03c4\u03b7\u03bd \u039a\u03bf\u03b6\u03ac\u03bd\u03b7, \u03c4\u03b7\u03bd \u039a\u03b1\u03c3\u03c4\u03bf\u03c1\u03b9\u03ac, \u03a4\u03b1 \u0393\u03c1\u03b5\u03b2\u03b5\u03bd\u03ac , \u03c4\u03b7\u03bd \u03a3\u03b9\u03ac\u03c4\u03b9\u03c3\u03c4\u03b1 \u03ba\u03b1\u03b9&hellip;","_links":{"self":[{"href":"https:\/\/kozani.enilion.gr\/de\/wp-json\/wp\/v2\/pages\/12","targetHints":{"allow":["GET"]}}],"collection":[{"href":"https:\/\/kozani.enilion.gr\/de\/wp-json\/wp\/v2\/pages"}],"about":[{"href":"https:\/\/kozani.enilion.gr\/de\/wp-json\/wp\/v2\/types\/page"}],"author":[{"embeddable":true,"href":"https:\/\/kozani.enilion.gr\/de\/wp-json\/wp\/v2\/users\/1"}],"replies":[{"embeddable":true,"href":"https:\/\/kozani.enilion.gr\/de\/wp-json\/wp\/v2\/comments?post=12"}],"version-history":[{"count":96,"href":"https:\/\/kozani.enilion.gr\/de\/wp-json\/wp\/v2\/pages\/12\/revisions"}],"predecessor-version":[{"id":2606,"href":"https:\/\/kozani.enilion.gr\/de\/wp-json\/wp\/v2\/pages\/12\/revisions\/2606"}],"wp:attachment":[{"href":"https:\/\/kozani.enilion.gr\/de\/wp-json\/wp\/v2\/media?parent=12"}],"curies":[{"name":"wp","href":"https:\/\/api.w.org\/{rel}","templated":true}]}}