{"id":150,"date":"2025-06-28T13:51:37","date_gmt":"2025-06-28T10:51:37","guid":{"rendered":"https:\/\/enilion.gr\/?page_id=150"},"modified":"2026-03-18T13:20:35","modified_gmt":"2026-03-18T10:20:35","slug":"%cf%83%cf%84%ce%bf%ce%b9%cf%87%ce%b5%ce%af%ce%b1-%ce%b5%cf%80%ce%b9%cf%87%ce%b5%ce%af%cf%81%ce%b7%cf%83%ce%b7%cf%82","status":"publish","type":"page","link":"https:\/\/kozani.enilion.gr\/de\/%cf%83%cf%84%ce%bf%ce%b9%cf%87%ce%b5%ce%af%ce%b1-%ce%b5%cf%80%ce%b9%cf%87%ce%b5%ce%af%cf%81%ce%b7%cf%83%ce%b7%cf%82\/","title":{"rendered":"Gesch\u00e4ftsinformationen"},"content":{"rendered":"<div data-elementor-type=\"wp-page\" data-elementor-id=\"150\" class=\"elementor elementor-150\" data-elementor-post-type=\"page\">\n\t\t\t\t<div class=\"elementor-element elementor-element-b35b990 e-flex e-con-boxed e-con e-parent\" data-id=\"b35b990\" data-element_type=\"container\" data-e-type=\"container\" data-settings=\"{&quot;background_background&quot;:&quot;classic&quot;}\">\n\t\t\t\t\t<div class=\"e-con-inner\">\n\t\t\t\t<div class=\"elementor-element elementor-element-c22dcaf elementor-widget elementor-widget-heading\" data-id=\"c22dcaf\" data-element_type=\"widget\" data-e-type=\"widget\" data-widget_type=\"heading.default\">\n\t\t\t\t<div class=\"elementor-widget-container\">\n\t\t\t\t\t<h1 class=\"elementor-heading-title elementor-size-default\">Gesch\u00e4ftsinformationen<\/h1>\t\t\t\t<\/div>\n\t\t\t\t<\/div>\n\t\t\t\t\t<\/div>\n\t\t\t\t<\/div>\n\t\t<div class=\"elementor-element elementor-element-e2feb0e e-flex e-con-boxed e-con e-parent\" data-id=\"e2feb0e\" data-element_type=\"container\" data-e-type=\"container\" data-settings=\"{&quot;background_background&quot;:&quot;classic&quot;}\">\n\t\t\t\t\t<div class=\"e-con-inner\">\n\t\t<div class=\"elementor-element elementor-element-8f2bcb2 e-con-full e-flex e-con e-child\" data-id=\"8f2bcb2\" data-element_type=\"container\" data-e-type=\"container\">\n\t\t\t\t<div class=\"elementor-element elementor-element-c1ee571 elementor-widget elementor-widget-text-editor\" data-id=\"c1ee571\" data-element_type=\"widget\" data-e-type=\"widget\" data-widget_type=\"text-editor.default\">\n\t\t\t\t<div class=\"elementor-widget-container\">\n\t\t\t\t\t\t\t\t\t<p data-start=\"351\" data-end=\"444\"><strong data-start=\"351\" data-end=\"376\">Name des Unternehmens:<\/strong><br data-start=\"376\" data-end=\"379\" \/>ENHILION - Projekte der Seniorenvereinigung Nafpaktos<br data-start=\"413\" data-end=\"416\" \/>Seniorenheim<\/p><p data-start=\"446\" data-end=\"504\"><strong data-start=\"446\" data-end=\"463\">Rechtsform: <\/strong>E.E.<\/p><p data-start=\"506\" data-end=\"586\"><strong data-start=\"506\" data-end=\"515\">Hauptsitz:<\/strong><br data-start=\"515\" data-end=\"518\" \/>99 Sokratous Stra\u00dfe, P.C. 12462<br data-start=\"549\" data-end=\"552\" \/>Haidari, Attika, Griechenland<\/p><p data-start=\"588\" data-end=\"635\"><strong data-start=\"588\" data-end=\"599\">P.O.B.:<\/strong> 802330987<br data-start=\"609\" data-end=\"612\" \/><strong data-start=\"612\" data-end=\"623\">D.O.Y.:<\/strong> Egaleo<\/p><p data-start=\"637\" data-end=\"670\"><strong data-start=\"637\" data-end=\"657\">G.E.I.-Nummer:<\/strong> 174461209000<\/p>\t\t\t\t\t\t\t\t<\/div>\n\t\t\t\t<\/div>\n\t\t\t\t<\/div>\n\t\t\t\t\t<\/div>\n\t\t\t\t<\/div>\n\t\t<div class=\"elementor-element elementor-element-d77f9c5 e-flex e-con-boxed e-con e-parent\" data-id=\"d77f9c5\" data-element_type=\"container\" data-e-type=\"container\" data-settings=\"{&quot;background_background&quot;:&quot;classic&quot;}\">\n\t\t\t\t\t<div class=\"e-con-inner\">\n\t\t<div class=\"elementor-element elementor-element-e57ff10 e-con-full e-flex e-con e-child\" data-id=\"e57ff10\" data-element_type=\"container\" data-e-type=\"container\">\n\t\t\t\t<div class=\"elementor-element elementor-element-9ed395c elementor-widget elementor-widget-heading\" data-id=\"9ed395c\" data-element_type=\"widget\" data-e-type=\"widget\" data-widget_type=\"heading.default\">\n\t\t\t\t<div class=\"elementor-widget-container\">\n\t\t\t\t\t<h2 class=\"elementor-heading-title elementor-size-default\">Kontaktdaten<\/h2>\t\t\t\t<\/div>\n\t\t\t\t<\/div>\n\t\t\t\t<div class=\"elementor-element elementor-element-2fdb686 elementor-widget elementor-widget-text-editor\" data-id=\"2fdb686\" data-element_type=\"widget\" data-e-type=\"widget\" data-widget_type=\"text-editor.default\">\n\t\t\t\t<div class=\"elementor-widget-container\">\n\t\t\t\t\t\t\t\t\t<p data-start=\"1764\" data-end=\"1955\"><strong data-start=\"709\" data-end=\"735\">Kontakt-Telefonnummern:<\/strong> 6984220220 \u2013 2634038833<\/p>\n<p data-start=\"1764\" data-end=\"1955\"><strong data-start=\"764\" data-end=\"774\">E-Mail: dm@enilion.gr<\/p>\n<p data-start=\"1764\" data-end=\"1955\"><strong data-start=\"800\" data-end=\"814\">Website:<\/strong> https:\/\/kozani.enilion.gr\/<\/p>\t\t\t\t\t\t\t\t<\/div>\n\t\t\t\t<\/div>\n\t\t\t\t<\/div>\n\t\t\t\t\t<\/div>\n\t\t\t\t<\/div>\n\t\t<div class=\"elementor-element elementor-element-2ca4e96 e-flex e-con-boxed e-con e-parent\" data-id=\"2ca4e96\" data-element_type=\"container\" data-e-type=\"container\" data-settings=\"{&quot;background_background&quot;:&quot;classic&quot;}\">\n\t\t\t\t\t<div class=\"e-con-inner\">\n\t\t<div class=\"elementor-element elementor-element-b26e938 e-con-full e-flex e-con e-child\" data-id=\"b26e938\" data-element_type=\"container\" data-e-type=\"container\">\n\t\t\t\t<div class=\"elementor-element elementor-element-361d218 elementor-widget elementor-widget-heading\" data-id=\"361d218\" data-element_type=\"widget\" data-e-type=\"widget\" data-widget_type=\"heading.default\">\n\t\t\t\t<div class=\"elementor-widget-container\">\n\t\t\t\t\t<h2 class=\"elementor-heading-title elementor-size-default\">Betriebsleiter<\/h2>\t\t\t\t<\/div>\n\t\t\t\t<\/div>\n\t\t\t\t<div class=\"elementor-element elementor-element-8ba0c5b elementor-widget elementor-widget-text-editor\" data-id=\"8ba0c5b\" data-element_type=\"widget\" data-e-type=\"widget\" data-widget_type=\"text-editor.default\">\n\t\t\t\t<div class=\"elementor-widget-container\">\n\t\t\t\t\t\t\t\t\t<p data-start=\"1764\" data-end=\"1955\"><strong data-start=\"871\" data-end=\"889\">Name:<\/strong> Nikolaos Tatsis<\/p><p data-start=\"1764\" data-end=\"1955\"><strong data-start=\"917\" data-end=\"930\">Eigentum:<\/strong> Referatsleiter<\/p><p data-start=\"1764\" data-end=\"1955\"><strong data-start=\"953\" data-end=\"979\">Kontakt Telefon:<\/strong> 6984220220<\/p>\t\t\t\t\t\t\t\t<\/div>\n\t\t\t\t<\/div>\n\t\t\t\t<\/div>\n\t\t\t\t\t<\/div>\n\t\t\t\t<\/div>\n\t\t<div class=\"elementor-element elementor-element-be24c95 e-flex e-con-boxed e-con e-parent\" data-id=\"be24c95\" data-element_type=\"container\" data-e-type=\"container\" data-settings=\"{&quot;background_background&quot;:&quot;classic&quot;}\">\n\t\t\t\t\t<div class=\"e-con-inner\">\n\t\t<div class=\"elementor-element elementor-element-ee7aab9 e-con-full e-flex e-con e-child\" data-id=\"ee7aab9\" data-element_type=\"container\" data-e-type=\"container\">\n\t\t\t\t<div class=\"elementor-element elementor-element-dccf749 elementor-widget elementor-widget-heading\" data-id=\"dccf749\" data-element_type=\"widget\" data-e-type=\"widget\" data-widget_type=\"heading.default\">\n\t\t\t\t<div class=\"elementor-widget-container\">\n\t\t\t\t\t<h2 class=\"elementor-heading-title elementor-size-default\">Rechtlicher Betrieb<\/h2>\t\t\t\t<\/div>\n\t\t\t\t<\/div>\n\t\t\t\t<div class=\"elementor-element elementor-element-a92dc42 elementor-widget elementor-widget-text-editor\" data-id=\"a92dc42\" data-element_type=\"widget\" data-e-type=\"widget\" data-widget_type=\"text-editor.default\">\n\t\t\t\t<div class=\"elementor-widget-container\">\n\t\t\t\t\t\t\t\t\t<p>Die ENHILION-Einrichtung arbeitet in \u00dcbereinstimmung mit den griechischen Rechtsvorschriften f\u00fcr Altenpflegeeinrichtungen und unter der Aufsicht des Ministeriums f\u00fcr Gesundheit und soziale Solidarit\u00e4t. Sie erf\u00fcllt alle erforderlichen Standards f\u00fcr die Sicherheit, die Hygiene und das Wohlbefinden ihrer G\u00e4ste.<\/p>\t\t\t\t\t\t\t\t<\/div>\n\t\t\t\t<\/div>\n\t\t\t\t<\/div>\n\t\t\t\t\t<\/div>\n\t\t\t\t<\/div>\n\t\t<div class=\"elementor-element elementor-element-75e52bb e-flex e-con-boxed e-con e-parent\" data-id=\"75e52bb\" data-element_type=\"container\" data-e-type=\"container\" data-settings=\"{&quot;background_background&quot;:&quot;classic&quot;}\">\n\t\t\t\t\t<div class=\"e-con-inner\">\n\t\t<div class=\"elementor-element elementor-element-aeb3933 e-con-full e-flex e-con e-child\" data-id=\"aeb3933\" data-element_type=\"container\" data-e-type=\"container\">\n\t\t\t\t<div class=\"elementor-element elementor-element-d70540f elementor-widget elementor-widget-heading\" data-id=\"d70540f\" data-element_type=\"widget\" data-e-type=\"widget\" data-widget_type=\"heading.default\">\n\t\t\t\t<div class=\"elementor-widget-container\">\n\t\t\t\t\t<h2 class=\"elementor-heading-title elementor-size-default\">Politik der Einhaltung<\/h2>\t\t\t\t<\/div>\n\t\t\t\t<\/div>\n\t\t\t\t<div class=\"elementor-element elementor-element-c8105cc elementor-widget elementor-widget-text-editor\" data-id=\"c8105cc\" data-element_type=\"widget\" data-e-type=\"widget\" data-widget_type=\"text-editor.default\">\n\t\t\t\t<div class=\"elementor-widget-container\">\n\t\t\t\t\t\t\t\t\t<p>Das Unternehmen muss die folgenden Anforderungen vollst\u00e4ndig erf\u00fcllen <strong data-start=\"1389\" data-end=\"1441\">Verordnung zum Schutz personenbezogener Daten (GDPR)<\/strong>. Weitere Informationen finden Sie auf den folgenden Seiten:<\/p><p>Datenschutzrichtlinie<\/p><p>Nutzungsbedingungen<\/p><p>Cookie-Richtlinie<\/p><p>\u00a0<\/p>\t\t\t\t\t\t\t\t<\/div>\n\t\t\t\t<\/div>\n\t\t\t\t<\/div>\n\t\t\t\t\t<\/div>\n\t\t\t\t<\/div>\n\t\t\t\t<\/div>","protected":false},"excerpt":{"rendered":"<p>\u03a3\u03c4\u03bf\u03b9\u03c7\u03b5\u03af\u03b1 \u0395\u03c0\u03b9\u03c7\u03b5\u03af\u03c1\u03b7\u03c3\u03b7\u03c2 \u0395\u03c0\u03c9\u03bd\u03c5\u03bc\u03af\u03b1 \u0395\u03c0\u03b9\u03c7\u03b5\u03af\u03c1\u03b7\u03c3\u03b7\u03c2:\u0395\u039d\u0397\u039b\u0399\u039f\u039d \u2013 \u0388\u03c1\u03b3\u03b1 \u0395\u03c5\u03b3\u03b7\u03c1\u03af\u03b1\u03c2 \u039d\u03b1\u03c5\u03c0\u03ac\u03ba\u03c4\u03bf\u03c5\u039c\u03bf\u03bd\u03ac\u03b4\u03b1 \u03a6\u03c1\u03bf\u03bd\u03c4\u03af\u03b4\u03b1\u03c2 \u0397\u03bb\u03b9\u03ba\u03b9\u03c9\u03bc\u03ad\u03bd\u03c9\u03bd \u039d\u03bf\u03bc\u03b9\u03ba\u03ae \u039c\u03bf\u03c1\u03c6\u03ae: \u0395.\u0395. \u0388\u03b4\u03c1\u03b1:\u03a3\u03c9\u03ba\u03c1\u03ac\u03c4\u03bf\u03c5\u03c2 99, \u03a4.\u039a. 12462\u03a7\u03b1\u03ca\u03b4\u03ac\u03c1\u03b9, \u0391\u03c4\u03c4\u03b9\u03ba\u03ae, \u0395\u03bb\u03bb\u03ac\u03b4\u03b1 \u0391.\u03a6.\u039c.: 802330987\u0394.\u039f.\u03a5.: \u0391\u03b9\u03b3\u03ac\u03bb\u03b5\u03c9 \u0391\u03c1\u03b9\u03b8\u03bc\u03cc\u03c2 \u0393.\u0395.\u039c\u0397.: 174461209000 \u03a3\u03c4\u03bf\u03b9\u03c7\u03b5\u03af\u03b1 \u0395\u03c0\u03b9\u03ba\u03bf\u03b9\u03bd\u03c9\u03bd\u03af\u03b1\u03c2 \u03a4\u03b7\u03bb\u03ad\u03c6\u03c9\u03bd\u03b1 \u0395\u03c0\u03b9\u03ba\u03bf\u03b9\u03bd\u03c9\u03bd\u03af\u03b1\u03c2: 6984220220 \u2013 2634038833 Email: dm@enilion.gr \u0399\u03c3\u03c4\u03cc\u03c4\u03bf\u03c0\u03bf\u03c2: https:\/\/kozani.enilion.gr\/ \u03a5\u03c0\u03b5\u03cd\u03b8\u03c5\u03bd\u03bf\u03c2 \u039b\u03b5\u03b9\u03c4\u03bf\u03c5\u03c1\u03b3\u03af\u03b1\u03c2 \u039f\u03bd\u03bf\u03bc\u03b1\u03c4\u03b5\u03c0\u03ce\u03bd\u03c5\u03bc\u03bf: \u039d\u03b9\u03ba\u03cc\u03bb\u03b1\u03bf\u03c2 \u03a4\u03ac\u03c4\u03c3\u03b7\u03c2 \u0399\u03b4\u03b9\u03cc\u03c4\u03b7\u03c4\u03b1: \u0394\u03b9\u03b5\u03c5\u03b8\u03c5\u03bd\u03c4\u03ae\u03c2 \u039c\u03bf\u03bd\u03ac\u03b4\u03b1\u03c2 \u03a4\u03b7\u03bb\u03ad\u03c6\u03c9\u03bd\u03bf \u0395\u03c0\u03b9\u03ba\u03bf\u03b9\u03bd\u03c9\u03bd\u03af\u03b1\u03c2: 6984220220 \u039d\u03cc\u03bc\u03b9\u03bc\u03b7 \u039b\u03b5\u03b9\u03c4\u03bf\u03c5\u03c1\u03b3\u03af\u03b1 \u0397 \u039c\u03bf\u03bd\u03ac\u03b4\u03b1 \u0395\u039d\u0397\u039b\u0399\u039f\u039d \u03bb\u03b5\u03b9\u03c4\u03bf\u03c5\u03c1\u03b3\u03b5\u03af \u03c3\u03cd\u03bc\u03c6\u03c9\u03bd\u03b1 \u03bc\u03b5 [&hellip;]<\/p>\n","protected":false},"author":1,"featured_media":0,"parent":0,"menu_order":0,"comment_status":"closed","ping_status":"closed","template":"","meta":{"_acf_changed":false,"pagelayer_contact_templates":[],"_pagelayer_content":"","_uag_custom_page_level_css":"","footnotes":""},"class_list":["post-150","page","type-page","status-publish","hentry"],"acf":[],"uagb_featured_image_src":{"full":false,"thumbnail":false,"medium":false,"medium_large":false,"large":false,"1536x1536":false,"2048x2048":false,"trp-custom-language-flag":false,"mailpoet_newsletter_max":false},"uagb_author_info":{"display_name":"niktat1973","author_link":"https:\/\/kozani.enilion.gr\/de\/author\/niktat1973\/"},"uagb_comment_info":0,"uagb_excerpt":"\u03a3\u03c4\u03bf\u03b9\u03c7\u03b5\u03af\u03b1 \u0395\u03c0\u03b9\u03c7\u03b5\u03af\u03c1\u03b7\u03c3\u03b7\u03c2 \u0395\u03c0\u03c9\u03bd\u03c5\u03bc\u03af\u03b1 \u0395\u03c0\u03b9\u03c7\u03b5\u03af\u03c1\u03b7\u03c3\u03b7\u03c2:\u0395\u039d\u0397\u039b\u0399\u039f\u039d \u2013 \u0388\u03c1\u03b3\u03b1 \u0395\u03c5\u03b3\u03b7\u03c1\u03af\u03b1\u03c2 \u039d\u03b1\u03c5\u03c0\u03ac\u03ba\u03c4\u03bf\u03c5\u039c\u03bf\u03bd\u03ac\u03b4\u03b1 \u03a6\u03c1\u03bf\u03bd\u03c4\u03af\u03b4\u03b1\u03c2 \u0397\u03bb\u03b9\u03ba\u03b9\u03c9\u03bc\u03ad\u03bd\u03c9\u03bd \u039d\u03bf\u03bc\u03b9\u03ba\u03ae \u039c\u03bf\u03c1\u03c6\u03ae: \u0395.\u0395. \u0388\u03b4\u03c1\u03b1:\u03a3\u03c9\u03ba\u03c1\u03ac\u03c4\u03bf\u03c5\u03c2 99, \u03a4.\u039a. 12462\u03a7\u03b1\u03ca\u03b4\u03ac\u03c1\u03b9, \u0391\u03c4\u03c4\u03b9\u03ba\u03ae, \u0395\u03bb\u03bb\u03ac\u03b4\u03b1 \u0391.\u03a6.\u039c.: 802330987\u0394.\u039f.\u03a5.: \u0391\u03b9\u03b3\u03ac\u03bb\u03b5\u03c9 \u0391\u03c1\u03b9\u03b8\u03bc\u03cc\u03c2 \u0393.\u0395.\u039c\u0397.: 174461209000 \u03a3\u03c4\u03bf\u03b9\u03c7\u03b5\u03af\u03b1 \u0395\u03c0\u03b9\u03ba\u03bf\u03b9\u03bd\u03c9\u03bd\u03af\u03b1\u03c2 \u03a4\u03b7\u03bb\u03ad\u03c6\u03c9\u03bd\u03b1 \u0395\u03c0\u03b9\u03ba\u03bf\u03b9\u03bd\u03c9\u03bd\u03af\u03b1\u03c2: 6984220220 \u2013 2634038833 Email: dm@enilion.gr \u0399\u03c3\u03c4\u03cc\u03c4\u03bf\u03c0\u03bf\u03c2: https:\/\/kozani.enilion.gr\/ \u03a5\u03c0\u03b5\u03cd\u03b8\u03c5\u03bd\u03bf\u03c2 \u039b\u03b5\u03b9\u03c4\u03bf\u03c5\u03c1\u03b3\u03af\u03b1\u03c2 \u039f\u03bd\u03bf\u03bc\u03b1\u03c4\u03b5\u03c0\u03ce\u03bd\u03c5\u03bc\u03bf: \u039d\u03b9\u03ba\u03cc\u03bb\u03b1\u03bf\u03c2 \u03a4\u03ac\u03c4\u03c3\u03b7\u03c2 \u0399\u03b4\u03b9\u03cc\u03c4\u03b7\u03c4\u03b1: \u0394\u03b9\u03b5\u03c5\u03b8\u03c5\u03bd\u03c4\u03ae\u03c2 \u039c\u03bf\u03bd\u03ac\u03b4\u03b1\u03c2 \u03a4\u03b7\u03bb\u03ad\u03c6\u03c9\u03bd\u03bf \u0395\u03c0\u03b9\u03ba\u03bf\u03b9\u03bd\u03c9\u03bd\u03af\u03b1\u03c2: 6984220220 \u039d\u03cc\u03bc\u03b9\u03bc\u03b7 \u039b\u03b5\u03b9\u03c4\u03bf\u03c5\u03c1\u03b3\u03af\u03b1 \u0397 \u039c\u03bf\u03bd\u03ac\u03b4\u03b1 \u0395\u039d\u0397\u039b\u0399\u039f\u039d \u03bb\u03b5\u03b9\u03c4\u03bf\u03c5\u03c1\u03b3\u03b5\u03af \u03c3\u03cd\u03bc\u03c6\u03c9\u03bd\u03b1 \u03bc\u03b5&hellip;","_links":{"self":[{"href":"https:\/\/kozani.enilion.gr\/de\/wp-json\/wp\/v2\/pages\/150","targetHints":{"allow":["GET"]}}],"collection":[{"href":"https:\/\/kozani.enilion.gr\/de\/wp-json\/wp\/v2\/pages"}],"about":[{"href":"https:\/\/kozani.enilion.gr\/de\/wp-json\/wp\/v2\/types\/page"}],"author":[{"embeddable":true,"href":"https:\/\/kozani.enilion.gr\/de\/wp-json\/wp\/v2\/users\/1"}],"replies":[{"embeddable":true,"href":"https:\/\/kozani.enilion.gr\/de\/wp-json\/wp\/v2\/comments?post=150"}],"version-history":[{"count":16,"href":"https:\/\/kozani.enilion.gr\/de\/wp-json\/wp\/v2\/pages\/150\/revisions"}],"predecessor-version":[{"id":2599,"href":"https:\/\/kozani.enilion.gr\/de\/wp-json\/wp\/v2\/pages\/150\/revisions\/2599"}],"wp:attachment":[{"href":"https:\/\/kozani.enilion.gr\/de\/wp-json\/wp\/v2\/media?parent=150"}],"curies":[{"name":"wp","href":"https:\/\/api.w.org\/{rel}","templated":true}]}}