{"id":285,"date":"2025-06-29T19:33:38","date_gmt":"2025-06-29T16:33:38","guid":{"rendered":"https:\/\/enilion.gr\/?page_id=285"},"modified":"2026-03-17T09:30:41","modified_gmt":"2026-03-17T06:30:41","slug":"%cf%80%cf%81%cf%8c%cf%84%cf%85%cf%80%ce%bf-%ce%ba%ce%ad%ce%bd%cf%84%cf%81%ce%bf-%ce%b7%ce%bc%ce%ad%cf%81%ce%b1%cf%82","status":"publish","type":"page","link":"https:\/\/kozani.enilion.gr\/fr\/%cf%80%cf%81%cf%8c%cf%84%cf%85%cf%80%ce%bf-%ce%ba%ce%ad%ce%bd%cf%84%cf%81%ce%bf-%ce%b7%ce%bc%ce%ad%cf%81%ce%b1%cf%82\/","title":{"rendered":"Centre de jour mod\u00e8le"},"content":{"rendered":"<div data-elementor-type=\"wp-page\" data-elementor-id=\"285\" class=\"elementor elementor-285\" data-elementor-post-type=\"page\">\n\t\t\t\t<div class=\"elementor-element elementor-element-f6d2693 e-flex e-con-boxed e-con e-parent\" data-id=\"f6d2693\" data-element_type=\"container\" data-e-type=\"container\" data-settings=\"{&quot;background_background&quot;:&quot;classic&quot;}\">\n\t\t\t\t\t<div class=\"e-con-inner\">\n\t\t\t\t<div class=\"elementor-element elementor-element-e84be5f elementor-widget elementor-widget-heading\" data-id=\"e84be5f\" data-element_type=\"widget\" data-e-type=\"widget\" data-widget_type=\"heading.default\">\n\t\t\t\t<div class=\"elementor-widget-container\">\n\t\t\t\t\t<h1 class=\"elementor-heading-title elementor-size-default\">Mod\u00e8le de centre de jour pour personnes \u00e2g\u00e9es \u00e0 Enilion<\/h1>\t\t\t\t<\/div>\n\t\t\t\t<\/div>\n\t\t\t\t\t<\/div>\n\t\t\t\t<\/div>\n\t\t<div class=\"elementor-element elementor-element-cf9d4f1 e-flex e-con-boxed e-con e-parent\" data-id=\"cf9d4f1\" data-element_type=\"container\" data-e-type=\"container\" data-settings=\"{&quot;background_background&quot;:&quot;classic&quot;}\">\n\t\t\t\t\t<div class=\"e-con-inner\">\n\t\t<div class=\"elementor-element elementor-element-97d9e85 e-con-full e-flex e-con e-child\" data-id=\"97d9e85\" data-element_type=\"container\" data-e-type=\"container\">\n\t\t\t\t<div class=\"elementor-element elementor-element-fe2df4d elementor-widget elementor-widget-text-editor\" data-id=\"fe2df4d\" data-element_type=\"widget\" data-e-type=\"widget\" data-widget_type=\"text-editor.default\">\n\t\t\t\t<div class=\"elementor-widget-container\">\n\t\t\t\t\t\t\t\t\t<p data-start=\"198\" data-end=\"506\">Enilion n'est pas seulement un lieu d'h\u00e9bergement, mais aussi un lieu de vie. <strong data-start=\"261\" data-end=\"328\">un centre d'activit\u00e9s quotidiennes, de socialisation et de soins<\/strong>.<br data-start=\"329\" data-end=\"332\" \/>Le <strong data-start=\"335\" data-end=\"360\">Centre de jour mod\u00e8le<\/strong> est con\u00e7u pour offrir aux personnes \u00e2g\u00e9es qui ne r\u00e9sident pas de fa\u00e7on permanente dans l'\u00e9tablissement un acc\u00e8s \u00e0 l'\u00e9ducation et \u00e0 la formation. <strong data-start=\"454\" data-end=\"505\">une vie quotidienne de qualit\u00e9, cr\u00e9ative et s\u00fbre<\/strong>.<\/p><p data-start=\"508\" data-end=\"762\">Chaque jour, nous recevons des personnes qui viennent au centre pour participer \u00e0 des activit\u00e9s, recevoir des soins, se socialiser, prendre leurs repas ou simplement passer la journ\u00e9e dans un environnement humain et chaleureux.<\/p>\t\t\t\t\t\t\t\t<\/div>\n\t\t\t\t<\/div>\n\t\t\t\t<\/div>\n\t\t\t\t\t<\/div>\n\t\t\t\t<\/div>\n\t\t<div class=\"elementor-element elementor-element-a44cb43 e-flex e-con-boxed e-con e-parent\" data-id=\"a44cb43\" data-element_type=\"container\" data-e-type=\"container\" data-settings=\"{&quot;background_background&quot;:&quot;classic&quot;}\">\n\t\t\t\t\t<div class=\"e-con-inner\">\n\t\t<div class=\"elementor-element elementor-element-d336061 e-grid e-con-full e-con e-child\" data-id=\"d336061\" data-element_type=\"container\" data-e-type=\"container\">\n\t\t<div class=\"elementor-element elementor-element-cc94f6f e-con-full e-flex e-con e-child\" data-id=\"cc94f6f\" data-element_type=\"container\" data-e-type=\"container\">\n\t\t\t\t<div class=\"elementor-element elementor-element-882f662 elementor-widget elementor-widget-image\" data-id=\"882f662\" data-element_type=\"widget\" data-e-type=\"widget\" data-widget_type=\"image.default\">\n\t\t\t\t<div class=\"elementor-widget-container\">\n\t\t\t\t\t\t\t\t\t\t\t\t\t\t\t<img fetchpriority=\"high\" decoding=\"async\" width=\"800\" height=\"600\" src=\"https:\/\/kozani.enilion.gr\/wp-content\/uploads\/2025\/07\/\u03c6\u03c1\u03bf\u03bd\u03c4\u03b9\u03b4\u03b1-\u03b7\u03bb\u03b9\u03ba\u03b9\u03c9\u03bc\u03b5\u03bd\u03c9\u03bd-3.png\" class=\"attachment-large size-large wp-image-525\" alt=\"\u0397\u03bb\u03b9\u03ba\u03b9\u03c9\u03bc\u03ad\u03bd\u03bf\u03b9 \u03ba\u03ac\u03bd\u03bf\u03c5\u03bd \u03b5\u03bb\u03b1\u03c6\u03c1\u03b9\u03ac \u03ac\u03c3\u03ba\u03b7\u03c3\u03b7\" srcset=\"https:\/\/kozani.enilion.gr\/wp-content\/uploads\/2025\/07\/\u03c6\u03c1\u03bf\u03bd\u03c4\u03b9\u03b4\u03b1-\u03b7\u03bb\u03b9\u03ba\u03b9\u03c9\u03bc\u03b5\u03bd\u03c9\u03bd-3.png 800w, https:\/\/kozani.enilion.gr\/wp-content\/uploads\/2025\/07\/\u03c6\u03c1\u03bf\u03bd\u03c4\u03b9\u03b4\u03b1-\u03b7\u03bb\u03b9\u03ba\u03b9\u03c9\u03bc\u03b5\u03bd\u03c9\u03bd-3-300x225.png 300w, https:\/\/kozani.enilion.gr\/wp-content\/uploads\/2025\/07\/\u03c6\u03c1\u03bf\u03bd\u03c4\u03b9\u03b4\u03b1-\u03b7\u03bb\u03b9\u03ba\u03b9\u03c9\u03bc\u03b5\u03bd\u03c9\u03bd-3-768x576.png 768w\" sizes=\"(max-width: 800px) 100vw, 800px\" \/>\t\t\t\t\t\t\t\t\t\t\t\t\t\t\t<\/div>\n\t\t\t\t<\/div>\n\t\t\t\t<\/div>\n\t\t<div class=\"elementor-element elementor-element-3325e3b e-con-full e-flex e-con e-child\" data-id=\"3325e3b\" data-element_type=\"container\" data-e-type=\"container\">\n\t\t\t\t<div class=\"elementor-element elementor-element-9fea3ac elementor-widget elementor-widget-heading\" data-id=\"9fea3ac\" data-element_type=\"widget\" data-e-type=\"widget\" data-widget_type=\"heading.default\">\n\t\t\t\t<div class=\"elementor-widget-container\">\n\t\t\t\t\t<h2 class=\"elementor-heading-title elementor-size-default\">Ce que le centre de jour offre :<\/h2>\t\t\t\t<\/div>\n\t\t\t\t<\/div>\n\t\t\t\t<div class=\"elementor-element elementor-element-9053047 elementor-widget elementor-widget-text-editor\" data-id=\"9053047\" data-element_type=\"widget\" data-e-type=\"widget\" data-widget_type=\"text-editor.default\">\n\t\t\t\t<div class=\"elementor-widget-container\">\n\t\t\t\t\t\t\t\t\t<ul><li data-start=\"808\" data-end=\"889\"><p data-start=\"810\" data-end=\"889\"><strong data-start=\"810\" data-end=\"836\">Emploi cr\u00e9atif<\/strong>Les activit\u00e9s sont vari\u00e9es : peinture, artisanat, musique, contes.<\/p><\/li><li data-start=\"890\" data-end=\"973\"><p data-start=\"892\" data-end=\"973\"><strong data-start=\"892\" data-end=\"915\">Soins quotidiens<\/strong>Les services d'aide \u00e0 l'enfance : hygi\u00e8ne, aide \u00e0 la prise de m\u00e9dicaments, kin\u00e9sith\u00e9rapie.<\/p><\/li><li data-start=\"974\" data-end=\"1061\"><p data-start=\"976\" data-end=\"1061\"><strong data-start=\"976\" data-end=\"999\">Participation \u00e0 des groupes<\/strong>Les th\u00e8mes abord\u00e9s sont les suivants : kin\u00e9sith\u00e9rapie, renforcement des capacit\u00e9s mentales, discussions de groupe.<\/p><\/li><li data-start=\"1062\" data-end=\"1142\"><p data-start=\"1064\" data-end=\"1142\"><strong data-start=\"1064\" data-end=\"1074\">Alimentation<\/strong>: petit-d\u00e9jeuner, d\u00e9jeuner et repas de l'apr\u00e8s-midi en fonction des besoins m\u00e9dicaux.<\/p><\/li><li data-start=\"1143\" data-end=\"1205\"><p data-start=\"1145\" data-end=\"1205\"><strong data-start=\"1145\" data-end=\"1170\">Soutien psychosocial<\/strong> par des professionnels qualifi\u00e9s.<\/p><\/li><li data-start=\"1206\" data-end=\"1259\"><p data-start=\"1208\" data-end=\"1259\"><strong data-start=\"1208\" data-end=\"1240\">Suivi personnalis\u00e9<\/strong> chaque participant.<\/p><\/li><li data-start=\"1260\" data-end=\"1329\"><p data-start=\"1262\" data-end=\"1329\"><strong data-start=\"1262\" data-end=\"1296\">Transport vers et depuis le domicile<\/strong>, avec des v\u00e9hicules sp\u00e9cialement adapt\u00e9s.<\/p><\/li><\/ul><p data-start=\"1445\" data-end=\"1699\">\u00a0<\/p>\t\t\t\t\t\t\t\t<\/div>\n\t\t\t\t<\/div>\n\t\t\t\t<\/div>\n\t\t<div class=\"elementor-element elementor-element-c6ab5c6 e-con-full e-flex e-con e-child\" data-id=\"c6ab5c6\" data-element_type=\"container\" data-e-type=\"container\">\n\t\t\t\t<div class=\"elementor-element elementor-element-7a518f3 elementor-widget elementor-widget-heading\" data-id=\"7a518f3\" data-element_type=\"widget\" data-e-type=\"widget\" data-widget_type=\"heading.default\">\n\t\t\t\t<div class=\"elementor-widget-container\">\n\t\t\t\t\t<h2 class=\"elementor-heading-title elementor-size-default\">Qui peut participer ?<\/h2>\t\t\t\t<\/div>\n\t\t\t\t<\/div>\n\t\t\t\t<div class=\"elementor-element elementor-element-6c0ea07 elementor-widget elementor-widget-text-editor\" data-id=\"6c0ea07\" data-element_type=\"widget\" data-e-type=\"widget\" data-widget_type=\"text-editor.default\">\n\t\t\t\t<div class=\"elementor-widget-container\">\n\t\t\t\t\t\t\t\t\t<p data-start=\"1374\" data-end=\"1417\">Le centre de jour Model est id\u00e9al pour :<\/p><ul data-start=\"1419\" data-end=\"1737\"><li data-start=\"1419\" data-end=\"1491\"><p data-start=\"1421\" data-end=\"1491\">Les personnes qui vivent seules et qui ont besoin d'une compagnie et de soins quotidiens.<\/p><\/li><li data-start=\"1492\" data-end=\"1558\"><p data-start=\"1494\" data-end=\"1558\">Les personnes \u00e2g\u00e9es qui ne souhaitent pas ou n'ont pas besoin d'un logement permanent.<\/p><\/li><li data-start=\"1559\" data-end=\"1651\"><p data-start=\"1561\" data-end=\"1651\">Les familles qui travaillent et qui recherchent un soutien quotidien pour leurs personnes \u00e2g\u00e9es.<\/p><\/li><li data-start=\"1652\" data-end=\"1737\"><p data-start=\"1654\" data-end=\"1737\">Les personnes qui souhaitent \u00eatre responsabilis\u00e9es ou r\u00e9habilit\u00e9es par le biais de la participation et de l'activit\u00e9.<\/p><\/li><\/ul>\t\t\t\t\t\t\t\t<\/div>\n\t\t\t\t<\/div>\n\t\t\t\t<\/div>\n\t\t<div class=\"elementor-element elementor-element-91ee079 e-con-full e-flex e-con e-child\" data-id=\"91ee079\" data-element_type=\"container\" data-e-type=\"container\">\n\t\t\t\t<div class=\"elementor-element elementor-element-0cb5002 elementor-widget elementor-widget-image\" data-id=\"0cb5002\" data-element_type=\"widget\" data-e-type=\"widget\" data-widget_type=\"image.default\">\n\t\t\t\t<div class=\"elementor-widget-container\">\n\t\t\t\t\t\t\t\t\t\t\t\t\t\t\t<img decoding=\"async\" width=\"800\" height=\"600\" src=\"https:\/\/kozani.enilion.gr\/wp-content\/uploads\/2025\/07\/\u03c6\u03c1\u03bf\u03bd\u03c4\u03b9\u03b4\u03b1-\u03b7\u03bb\u03b9\u03ba\u03b9\u03c9\u03bc\u03b5\u03bd\u03c9\u03bd-7.png\" class=\"attachment-large size-large wp-image-523\" alt=\"\u0396\u03b5\u03c5\u03b3\u03ac\u03c1\u03b9 \u03b7\u03bb\u03b9\u03ba\u03b9\u03c9\u03bc\u03ad\u03bd\u03c9\u03bd \u03c3\u03c4\u03b7\u03bd \u03b5\u03be\u03bf\u03c7\u03ae\" srcset=\"https:\/\/kozani.enilion.gr\/wp-content\/uploads\/2025\/07\/\u03c6\u03c1\u03bf\u03bd\u03c4\u03b9\u03b4\u03b1-\u03b7\u03bb\u03b9\u03ba\u03b9\u03c9\u03bc\u03b5\u03bd\u03c9\u03bd-7.png 800w, https:\/\/kozani.enilion.gr\/wp-content\/uploads\/2025\/07\/\u03c6\u03c1\u03bf\u03bd\u03c4\u03b9\u03b4\u03b1-\u03b7\u03bb\u03b9\u03ba\u03b9\u03c9\u03bc\u03b5\u03bd\u03c9\u03bd-7-300x225.png 300w, https:\/\/kozani.enilion.gr\/wp-content\/uploads\/2025\/07\/\u03c6\u03c1\u03bf\u03bd\u03c4\u03b9\u03b4\u03b1-\u03b7\u03bb\u03b9\u03ba\u03b9\u03c9\u03bc\u03b5\u03bd\u03c9\u03bd-7-768x576.png 768w\" sizes=\"(max-width: 800px) 100vw, 800px\" \/>\t\t\t\t\t\t\t\t\t\t\t\t\t\t\t<\/div>\n\t\t\t\t<\/div>\n\t\t\t\t<\/div>\n\t\t\t\t<\/div>\n\t\t\t\t\t<\/div>\n\t\t\t\t<\/div>\n\t\t<div class=\"elementor-element elementor-element-3808aa3 e-flex e-con-boxed e-con e-parent\" data-id=\"3808aa3\" data-element_type=\"container\" data-e-type=\"container\" data-settings=\"{&quot;background_background&quot;:&quot;classic&quot;}\">\n\t\t\t\t\t<div class=\"e-con-inner\">\n\t\t<div class=\"elementor-element elementor-element-5ec51e9 e-con-full e-flex e-con e-child\" data-id=\"5ec51e9\" data-element_type=\"container\" data-e-type=\"container\">\n\t\t\t\t<div class=\"elementor-element elementor-element-3072ba5 elementor-widget elementor-widget-heading\" data-id=\"3072ba5\" data-element_type=\"widget\" data-e-type=\"widget\" data-widget_type=\"heading.default\">\n\t\t\t\t<div class=\"elementor-widget-container\">\n\t\t\t\t\t<h2 class=\"elementor-heading-title elementor-size-default\">Notre objectif :<\/h2>\t\t\t\t<\/div>\n\t\t\t\t<\/div>\n\t\t\t\t<div class=\"elementor-element elementor-element-099b876 elementor-widget elementor-widget-text-editor\" data-id=\"099b876\" data-element_type=\"widget\" data-e-type=\"widget\" data-widget_type=\"text-editor.default\">\n\t\t\t\t<div class=\"elementor-widget-container\">\n\t\t\t\t\t\t\t\t\t<p data-start=\"1764\" data-end=\"1955\">Offrir aux personnes \u00e2g\u00e9es <strong data-start=\"1794\" data-end=\"1884\">la possibilit\u00e9 de continuer \u00e0 vivre avec l'estime de soi, l'activit\u00e9 et l'inclusion sociale<\/strong>, Il s'agit d'un programme d'\u00e9ducation et de formation qui vise \u00e0 permettre aux personnes \u00e2g\u00e9es d'appr\u00e9cier chaque jour avec cr\u00e9ativit\u00e9 et de b\u00e9n\u00e9ficier d'une attention particuli\u00e8re.<\/p>\t\t\t\t\t\t\t\t<\/div>\n\t\t\t\t<\/div>\n\t\t\t\t<\/div>\n\t\t\t\t\t<\/div>\n\t\t\t\t<\/div>\n\t\t<div class=\"elementor-element elementor-element-1e65bc9 e-flex e-con-boxed e-con e-parent\" data-id=\"1e65bc9\" data-element_type=\"container\" data-e-type=\"container\" data-settings=\"{&quot;background_background&quot;:&quot;classic&quot;}\">\n\t\t\t\t\t<div class=\"e-con-inner\">\n\t\t<div class=\"elementor-element elementor-element-e7b8fe3 e-con-full e-flex e-con e-child\" data-id=\"e7b8fe3\" data-element_type=\"container\" data-e-type=\"container\">\n\t\t\t\t<div class=\"elementor-element elementor-element-8d3e7da elementor-align-center elementor-widget elementor-widget-button\" data-id=\"8d3e7da\" data-element_type=\"widget\" data-e-type=\"widget\" data-widget_type=\"button.default\">\n\t\t\t\t<div class=\"elementor-widget-container\">\n\t\t\t\t\t\t\t\t\t<div class=\"elementor-button-wrapper\">\n\t\t\t\t\t<a class=\"elementor-button elementor-button-link elementor-size-sm elementor-animation-grow\" href=\"https:\/\/kozani.enilion.gr\/fr\/epikinonia\/\">\n\t\t\t\t\t\t<span class=\"elementor-button-content-wrapper\">\n\t\t\t\t\t\t\t\t\t<span class=\"elementor-button-text\">Contact<\/span>\n\t\t\t\t\t<\/span>\n\t\t\t\t\t<\/a>\n\t\t\t\t<\/div>\n\t\t\t\t\t\t\t\t<\/div>\n\t\t\t\t<\/div>\n\t\t\t\t<div class=\"elementor-element elementor-element-ab3d8da elementor-widget elementor-widget-text-editor\" data-id=\"ab3d8da\" data-element_type=\"widget\" data-e-type=\"widget\" data-widget_type=\"text-editor.default\">\n\t\t\t\t<div class=\"elementor-widget-container\">\n\t\t\t\t\t\t\t\t\t<p data-start=\"4159\" data-end=\"4320\">Si vous cherchez un endroit o\u00f9 votre proche passera sa journ\u00e9e avec soin, sens et sourire, le centre de jour Enelion est le choix id\u00e9al.<\/p><p data-start=\"4322\" data-end=\"4404\"><strong data-start=\"4325\" data-end=\"4340\">Appelez-nous<\/strong> pour planifier une journ\u00e9e d'essai gratuite de participation !<\/p>\t\t\t\t\t\t\t\t<\/div>\n\t\t\t\t<\/div>\n\t\t\t\t<\/div>\n\t\t\t\t\t<\/div>\n\t\t\t\t<\/div>\n\t\t\t\t<\/div>","protected":false},"excerpt":{"rendered":"<p>\u03a0\u03c1\u03cc\u03c4\u03c5\u03c0\u03bf \u039a\u03ad\u03bd\u03c4\u03c1\u03bf \u0397\u03bc\u03ad\u03c1\u03b1\u03c2 \u0397\u03bb\u03b9\u03ba\u03b9\u03c9\u03bc\u03ad\u03bd\u03c9\u03bd \u03c3\u03c4\u03b7\u03bd \u0395\u03bd\u03ae\u03bb\u03b9\u03bf\u03bd \u0397 \u0395\u03bd\u03ae\u03bb\u03b9\u03bf\u03bd \u03b4\u03b5\u03bd \u03b5\u03af\u03bd\u03b1\u03b9 \u03b1\u03c0\u03bb\u03ce\u03c2 \u03ad\u03bd\u03b1\u03c2 \u03c4\u03cc\u03c0\u03bf\u03c2 \u03b4\u03b9\u03b1\u03bc\u03bf\u03bd\u03ae\u03c2, \u03b1\u03bb\u03bb\u03ac \u03ba\u03b1\u03b9 \u03ad\u03bd\u03b1 \u03ba\u03ad\u03bd\u03c4\u03c1\u03bf \u03ba\u03b1\u03b8\u03b7\u03bc\u03b5\u03c1\u03b9\u03bd\u03ae\u03c2 \u03b4\u03c1\u03b1\u03c3\u03c4\u03b7\u03c1\u03b9\u03cc\u03c4\u03b7\u03c4\u03b1\u03c2, \u03ba\u03bf\u03b9\u03bd\u03c9\u03bd\u03b9\u03ba\u03cc\u03c4\u03b7\u03c4\u03b1\u03c2 \u03ba\u03b1\u03b9 \u03c6\u03c1\u03bf\u03bd\u03c4\u03af\u03b4\u03b1\u03c2.\u03a4\u03bf \u03a0\u03c1\u03cc\u03c4\u03c5\u03c0\u03bf \u039a\u03ad\u03bd\u03c4\u03c1\u03bf \u0397\u03bc\u03ad\u03c1\u03b1\u03c2 \u03ad\u03c7\u03b5\u03b9 \u03c3\u03c7\u03b5\u03b4\u03b9\u03b1\u03c3\u03c4\u03b5\u03af \u03b3\u03b9\u03b1 \u03bd\u03b1 \u03c0\u03c1\u03bf\u03c3\u03c6\u03ad\u03c1\u03b5\u03b9 \u03c3\u03c4\u03bf\u03c5\u03c2 \u03b7\u03bb\u03b9\u03ba\u03b9\u03c9\u03bc\u03ad\u03bd\u03bf\u03c5\u03c2 \u03c0\u03bf\u03c5 \u03b4\u03b5\u03bd \u03b4\u03b9\u03b1\u03bc\u03ad\u03bd\u03bf\u03c5\u03bd \u03bc\u03cc\u03bd\u03b9\u03bc\u03b1 \u03c3\u03c4\u03b7 \u03bc\u03bf\u03bd\u03ac\u03b4\u03b1, \u03bc\u03b9\u03b1 \u03c0\u03bf\u03b9\u03bf\u03c4\u03b9\u03ba\u03ae, \u03b4\u03b7\u03bc\u03b9\u03bf\u03c5\u03c1\u03b3\u03b9\u03ba\u03ae \u03ba\u03b1\u03b9 \u03b1\u03c3\u03c6\u03b1\u03bb\u03ae \u03ba\u03b1\u03b8\u03b7\u03bc\u03b5\u03c1\u03b9\u03bd\u03cc\u03c4\u03b7\u03c4\u03b1. \u039a\u03b1\u03b8\u03b7\u03bc\u03b5\u03c1\u03b9\u03bd\u03ac, \u03b4\u03b5\u03c7\u03cc\u03bc\u03b1\u03c3\u03c4\u03b5 \u03b1\u03bd\u03b8\u03c1\u03ce\u03c0\u03bf\u03c5\u03c2 \u03c0\u03bf\u03c5 \u03b5\u03c0\u03b9\u03c3\u03ba\u03ad\u03c0\u03c4\u03bf\u03bd\u03c4\u03b1\u03b9 \u03c4\u03b7 \u03bc\u03bf\u03bd\u03ac\u03b4\u03b1 \u03b3\u03b9\u03b1 \u03bd\u03b1 \u03c3\u03c5\u03bc\u03bc\u03b5\u03c4\u03ac\u03c3\u03c7\u03bf\u03c5\u03bd [&hellip;]<\/p>\n","protected":false},"author":1,"featured_media":0,"parent":0,"menu_order":0,"comment_status":"closed","ping_status":"closed","template":"","meta":{"_acf_changed":false,"pagelayer_contact_templates":[],"_pagelayer_content":"","_uag_custom_page_level_css":"","footnotes":""},"class_list":["post-285","page","type-page","status-publish","hentry"],"acf":[],"uagb_featured_image_src":{"full":false,"thumbnail":false,"medium":false,"medium_large":false,"large":false,"1536x1536":false,"2048x2048":false,"trp-custom-language-flag":false,"mailpoet_newsletter_max":false},"uagb_author_info":{"display_name":"niktat1973","author_link":"https:\/\/kozani.enilion.gr\/fr\/author\/niktat1973\/"},"uagb_comment_info":0,"uagb_excerpt":"\u03a0\u03c1\u03cc\u03c4\u03c5\u03c0\u03bf \u039a\u03ad\u03bd\u03c4\u03c1\u03bf \u0397\u03bc\u03ad\u03c1\u03b1\u03c2 \u0397\u03bb\u03b9\u03ba\u03b9\u03c9\u03bc\u03ad\u03bd\u03c9\u03bd \u03c3\u03c4\u03b7\u03bd \u0395\u03bd\u03ae\u03bb\u03b9\u03bf\u03bd \u0397 \u0395\u03bd\u03ae\u03bb\u03b9\u03bf\u03bd \u03b4\u03b5\u03bd \u03b5\u03af\u03bd\u03b1\u03b9 \u03b1\u03c0\u03bb\u03ce\u03c2 \u03ad\u03bd\u03b1\u03c2 \u03c4\u03cc\u03c0\u03bf\u03c2 \u03b4\u03b9\u03b1\u03bc\u03bf\u03bd\u03ae\u03c2, \u03b1\u03bb\u03bb\u03ac \u03ba\u03b1\u03b9 \u03ad\u03bd\u03b1 \u03ba\u03ad\u03bd\u03c4\u03c1\u03bf \u03ba\u03b1\u03b8\u03b7\u03bc\u03b5\u03c1\u03b9\u03bd\u03ae\u03c2 \u03b4\u03c1\u03b1\u03c3\u03c4\u03b7\u03c1\u03b9\u03cc\u03c4\u03b7\u03c4\u03b1\u03c2, \u03ba\u03bf\u03b9\u03bd\u03c9\u03bd\u03b9\u03ba\u03cc\u03c4\u03b7\u03c4\u03b1\u03c2 \u03ba\u03b1\u03b9 \u03c6\u03c1\u03bf\u03bd\u03c4\u03af\u03b4\u03b1\u03c2.\u03a4\u03bf \u03a0\u03c1\u03cc\u03c4\u03c5\u03c0\u03bf \u039a\u03ad\u03bd\u03c4\u03c1\u03bf \u0397\u03bc\u03ad\u03c1\u03b1\u03c2 \u03ad\u03c7\u03b5\u03b9 \u03c3\u03c7\u03b5\u03b4\u03b9\u03b1\u03c3\u03c4\u03b5\u03af \u03b3\u03b9\u03b1 \u03bd\u03b1 \u03c0\u03c1\u03bf\u03c3\u03c6\u03ad\u03c1\u03b5\u03b9 \u03c3\u03c4\u03bf\u03c5\u03c2 \u03b7\u03bb\u03b9\u03ba\u03b9\u03c9\u03bc\u03ad\u03bd\u03bf\u03c5\u03c2 \u03c0\u03bf\u03c5 \u03b4\u03b5\u03bd \u03b4\u03b9\u03b1\u03bc\u03ad\u03bd\u03bf\u03c5\u03bd \u03bc\u03cc\u03bd\u03b9\u03bc\u03b1 \u03c3\u03c4\u03b7 \u03bc\u03bf\u03bd\u03ac\u03b4\u03b1, \u03bc\u03b9\u03b1 \u03c0\u03bf\u03b9\u03bf\u03c4\u03b9\u03ba\u03ae, \u03b4\u03b7\u03bc\u03b9\u03bf\u03c5\u03c1\u03b3\u03b9\u03ba\u03ae \u03ba\u03b1\u03b9 \u03b1\u03c3\u03c6\u03b1\u03bb\u03ae \u03ba\u03b1\u03b8\u03b7\u03bc\u03b5\u03c1\u03b9\u03bd\u03cc\u03c4\u03b7\u03c4\u03b1. \u039a\u03b1\u03b8\u03b7\u03bc\u03b5\u03c1\u03b9\u03bd\u03ac, \u03b4\u03b5\u03c7\u03cc\u03bc\u03b1\u03c3\u03c4\u03b5 \u03b1\u03bd\u03b8\u03c1\u03ce\u03c0\u03bf\u03c5\u03c2 \u03c0\u03bf\u03c5 \u03b5\u03c0\u03b9\u03c3\u03ba\u03ad\u03c0\u03c4\u03bf\u03bd\u03c4\u03b1\u03b9 \u03c4\u03b7 \u03bc\u03bf\u03bd\u03ac\u03b4\u03b1 \u03b3\u03b9\u03b1 \u03bd\u03b1 \u03c3\u03c5\u03bc\u03bc\u03b5\u03c4\u03ac\u03c3\u03c7\u03bf\u03c5\u03bd\u2026","_links":{"self":[{"href":"https:\/\/kozani.enilion.gr\/fr\/wp-json\/wp\/v2\/pages\/285","targetHints":{"allow":["GET"]}}],"collection":[{"href":"https:\/\/kozani.enilion.gr\/fr\/wp-json\/wp\/v2\/pages"}],"about":[{"href":"https:\/\/kozani.enilion.gr\/fr\/wp-json\/wp\/v2\/types\/page"}],"author":[{"embeddable":true,"href":"https:\/\/kozani.enilion.gr\/fr\/wp-json\/wp\/v2\/users\/1"}],"replies":[{"embeddable":true,"href":"https:\/\/kozani.enilion.gr\/fr\/wp-json\/wp\/v2\/comments?post=285"}],"version-history":[{"count":34,"href":"https:\/\/kozani.enilion.gr\/fr\/wp-json\/wp\/v2\/pages\/285\/revisions"}],"predecessor-version":[{"id":2376,"href":"https:\/\/kozani.enilion.gr\/fr\/wp-json\/wp\/v2\/pages\/285\/revisions\/2376"}],"wp:attachment":[{"href":"https:\/\/kozani.enilion.gr\/fr\/wp-json\/wp\/v2\/media?parent=285"}],"curies":[{"name":"wp","href":"https:\/\/api.w.org\/{rel}","templated":true}]}}