{"id":298,"date":"2025-06-29T19:35:52","date_gmt":"2025-06-29T16:35:52","guid":{"rendered":"https:\/\/enilion.gr\/?page_id=298"},"modified":"2026-03-18T13:01:44","modified_gmt":"2026-03-18T10:01:44","slug":"%ce%ba%ce%bf%ce%bc%ce%bc%cf%89%cf%84%ce%ae%cf%81%ce%b9%ce%bf-%ce%b3%cf%85%ce%bc%ce%bd%ce%b1%cf%83%cf%84%ce%ae%cf%81%ce%b9%ce%bf-%cf%86%cf%85%cf%83%ce%b9%ce%ba%ce%bf%ce%b8%ce%b5%cf%81%ce%b1%cf%80","status":"publish","type":"page","link":"https:\/\/kozani.enilion.gr\/fr\/%ce%ba%ce%bf%ce%bc%ce%bc%cf%89%cf%84%ce%ae%cf%81%ce%b9%ce%bf-%ce%b3%cf%85%ce%bc%ce%bd%ce%b1%cf%83%cf%84%ce%ae%cf%81%ce%b9%ce%bf-%cf%86%cf%85%cf%83%ce%b9%ce%ba%ce%bf%ce%b8%ce%b5%cf%81%ce%b1%cf%80\/","title":{"rendered":"Coiffeur et centre de gymnastique\/th\u00e9rapie physique"},"content":{"rendered":"<div data-elementor-type=\"wp-page\" data-elementor-id=\"298\" class=\"elementor elementor-298\" data-elementor-post-type=\"page\">\n\t\t\t\t<div class=\"elementor-element elementor-element-b5d03bb e-flex e-con-boxed e-con e-parent\" data-id=\"b5d03bb\" data-element_type=\"container\" data-e-type=\"container\" data-settings=\"{&quot;background_background&quot;:&quot;classic&quot;}\">\n\t\t\t\t\t<div class=\"e-con-inner\">\n\t\t\t\t<div class=\"elementor-element elementor-element-bcc6f47 elementor-widget elementor-widget-heading\" data-id=\"bcc6f47\" data-element_type=\"widget\" data-e-type=\"widget\" data-widget_type=\"heading.default\">\n\t\t\t\t<div class=\"elementor-widget-container\">\n\t\t\t\t\t<h1 class=\"elementor-heading-title elementor-size-default\">Coiffeur et centre de gymnastique\/th\u00e9rapie physique<\/h1>\t\t\t\t<\/div>\n\t\t\t\t<\/div>\n\t\t\t\t\t<\/div>\n\t\t\t\t<\/div>\n\t\t<div class=\"elementor-element elementor-element-34dcf97 e-flex e-con-boxed e-con e-parent\" data-id=\"34dcf97\" data-element_type=\"container\" data-e-type=\"container\" data-settings=\"{&quot;background_background&quot;:&quot;classic&quot;}\">\n\t\t\t\t\t<div class=\"e-con-inner\">\n\t\t<div class=\"elementor-element elementor-element-58ee073 e-con-full e-flex e-con e-child\" data-id=\"58ee073\" data-element_type=\"container\" data-e-type=\"container\">\n\t\t\t\t<div class=\"elementor-element elementor-element-e79543e elementor-widget elementor-widget-text-editor\" data-id=\"e79543e\" data-element_type=\"widget\" data-e-type=\"widget\" data-widget_type=\"text-editor.default\">\n\t\t\t\t<div class=\"elementor-widget-container\">\n\t\t\t\t\t\t\t\t\t<p>\u00c0 ENHILION, nous comprenons combien il est important pour nos a\u00een\u00e9s de se sentir pris en charge non seulement en termes de sant\u00e9, mais aussi en termes d'esth\u00e9tique, de forme physique et d'estime de soi. C'est pourquoi nous avons cr\u00e9\u00e9 un espace de bien-\u00eatre int\u00e9gr\u00e9 qui comprend <strong data-start=\"504\" data-end=\"518\">Salon de coiffure<\/strong>, <strong data-start=\"520\" data-end=\"535\">gymnase<\/strong> et <strong data-start=\"540\" data-end=\"562\">clinique de physioth\u00e9rapie<\/strong>, Les services de garde d'enfants sont con\u00e7us exclusivement pour r\u00e9pondre aux besoins des personnes \u00e2g\u00e9es.<\/p>\t\t\t\t\t\t\t\t<\/div>\n\t\t\t\t<\/div>\n\t\t\t\t<\/div>\n\t\t\t\t\t<\/div>\n\t\t\t\t<\/div>\n\t\t<div class=\"elementor-element elementor-element-fd8d480 e-flex e-con-boxed e-con e-parent\" data-id=\"fd8d480\" data-element_type=\"container\" data-e-type=\"container\" data-settings=\"{&quot;background_background&quot;:&quot;classic&quot;}\">\n\t\t\t\t\t<div class=\"e-con-inner\">\n\t\t<div class=\"elementor-element elementor-element-c312407 e-grid e-con-full e-con e-child\" data-id=\"c312407\" data-element_type=\"container\" data-e-type=\"container\">\n\t\t<div class=\"elementor-element elementor-element-c017054 e-con-full e-flex e-con e-child\" data-id=\"c017054\" data-element_type=\"container\" data-e-type=\"container\">\n\t\t\t\t<div class=\"elementor-element elementor-element-3f21f6f elementor-widget elementor-widget-image\" data-id=\"3f21f6f\" data-element_type=\"widget\" data-e-type=\"widget\" data-widget_type=\"image.default\">\n\t\t\t\t<div class=\"elementor-widget-container\">\n\t\t\t\t\t\t\t\t\t\t\t\t\t\t\t<img fetchpriority=\"high\" decoding=\"async\" width=\"800\" height=\"600\" src=\"https:\/\/kozani.enilion.gr\/wp-content\/uploads\/2025\/07\/\u03ba\u03bf\u03bc\u03bc\u03c9\u03c4\u03b7\u03c1\u03b9\u03bf.png\" class=\"attachment-large size-large wp-image-890\" alt=\"\u039a\u03bf\u03bc\u03bc\u03c9\u03c4\u03ae\u03c2 \u03ba\u03bf\u03c5\u03c1\u03b5\u03cd\u03b5\u03b9 \u03b7\u03bb\u03b9\u03ba\u03b9\u03c9\u03bc\u03ad\u03bd\u03bf \u03ac\u03bd\u03b4\u03c1\u03b1\" srcset=\"https:\/\/kozani.enilion.gr\/wp-content\/uploads\/2025\/07\/\u03ba\u03bf\u03bc\u03bc\u03c9\u03c4\u03b7\u03c1\u03b9\u03bf.png 800w, https:\/\/kozani.enilion.gr\/wp-content\/uploads\/2025\/07\/\u03ba\u03bf\u03bc\u03bc\u03c9\u03c4\u03b7\u03c1\u03b9\u03bf-300x225.png 300w, https:\/\/kozani.enilion.gr\/wp-content\/uploads\/2025\/07\/\u03ba\u03bf\u03bc\u03bc\u03c9\u03c4\u03b7\u03c1\u03b9\u03bf-768x576.png 768w, https:\/\/kozani.enilion.gr\/wp-content\/uploads\/2025\/07\/\u03ba\u03bf\u03bc\u03bc\u03c9\u03c4\u03b7\u03c1\u03b9\u03bf-600x450.png 600w\" sizes=\"(max-width: 800px) 100vw, 800px\" \/>\t\t\t\t\t\t\t\t\t\t\t\t\t\t\t<\/div>\n\t\t\t\t<\/div>\n\t\t\t\t<\/div>\n\t\t<div class=\"elementor-element elementor-element-58eb996 e-con-full e-flex e-con e-child\" data-id=\"58eb996\" data-element_type=\"container\" data-e-type=\"container\">\n\t\t\t\t<div class=\"elementor-element elementor-element-9a15eda elementor-widget elementor-widget-heading\" data-id=\"9a15eda\" data-element_type=\"widget\" data-e-type=\"widget\" data-widget_type=\"heading.default\">\n\t\t\t\t<div class=\"elementor-widget-container\">\n\t\t\t\t\t<h2 class=\"elementor-heading-title elementor-size-default\">Salon de coiffure - Le soin qui donne dignit\u00e9 et sourire<\/h2>\t\t\t\t<\/div>\n\t\t\t\t<\/div>\n\t\t\t\t<div class=\"elementor-element elementor-element-7101ae1 elementor-widget elementor-widget-text-editor\" data-id=\"7101ae1\" data-element_type=\"widget\" data-e-type=\"widget\" data-widget_type=\"text-editor.default\">\n\t\t\t\t<div class=\"elementor-widget-container\">\n\t\t\t\t\t\t\t\t\t<p data-start=\"692\" data-end=\"940\">Le salon de coiffure d'ENHILION est un espace chaleureux, fonctionnel et enti\u00e8rement accessible o\u00f9 les d\u00e9tenus peuvent b\u00e9n\u00e9ficier des services de soins qu'ils m\u00e9ritent. Des coiffeurs professionnels, exp\u00e9riment\u00e9s dans le service aux personnes \u00e2g\u00e9es, offrent :<\/p><ul data-start=\"942\" data-end=\"1108\"><li data-start=\"942\" data-end=\"987\"><p data-start=\"944\" data-end=\"987\">Coupe de cheveux et coiffure pour hommes et femmes<\/p><\/li><li data-start=\"988\" data-end=\"1015\"><p data-start=\"990\" data-end=\"1015\">Coloration et soins des cheveux<\/p><\/li><li data-start=\"1016\" data-end=\"1057\"><p data-start=\"1018\" data-end=\"1057\">Soins sp\u00e9ciaux pour cuir chevelu sensible<\/p><\/li><li data-start=\"1058\" data-end=\"1108\"><p data-start=\"1060\" data-end=\"1108\">Renouvellements saisonniers et conseils personnalis\u00e9s<\/p><\/li><\/ul><p data-start=\"1110\" data-end=\"1358\">L'apparence ext\u00e9rieure a un effet direct sur la psychologie. Nos d\u00e9tenus se sentent beaux, frais et socialement actifs lorsqu'ils prennent soin de leur apparence, ce qui contribue positivement \u00e0 leur estime de soi et \u00e0 la qualit\u00e9 de leur vie quotidienne.<\/p>\t\t\t\t\t\t\t\t<\/div>\n\t\t\t\t<\/div>\n\t\t\t\t<\/div>\n\t\t<div class=\"elementor-element elementor-element-ff0ca4d e-con-full e-flex e-con e-child\" data-id=\"ff0ca4d\" data-element_type=\"container\" data-e-type=\"container\">\n\t\t\t\t<div class=\"elementor-element elementor-element-7a6acda elementor-widget elementor-widget-heading\" data-id=\"7a6acda\" data-element_type=\"widget\" data-e-type=\"widget\" data-widget_type=\"heading.default\">\n\t\t\t\t<div class=\"elementor-widget-container\">\n\t\t\t\t\t<h2 class=\"elementor-heading-title elementor-size-default\">Gym - Mouvement, sant\u00e9 et ind\u00e9pendance<\/h2>\t\t\t\t<\/div>\n\t\t\t\t<\/div>\n\t\t\t\t<div class=\"elementor-element elementor-element-0a9adcc elementor-widget elementor-widget-text-editor\" data-id=\"0a9adcc\" data-element_type=\"widget\" data-e-type=\"widget\" data-widget_type=\"text-editor.default\">\n\t\t\t\t<div class=\"elementor-widget-container\">\n\t\t\t\t\t\t\t\t\t<p data-start=\"1409\" data-end=\"1709\">Le mouvement, c'est la vie. \u00c0 la salle de sport d'ENHILION, nous proposons des programmes d'exercices cibl\u00e9s pour les personnes \u00e2g\u00e9es, adapt\u00e9s \u00e0 tous les niveaux de condition physique. Notre \u00e9quipement est sp\u00e9cialement con\u00e7u pour la s\u00e9curit\u00e9 et le soutien, et nos entra\u00eeneurs sont sp\u00e9cialis\u00e9s dans les programmes g\u00e9riatriques.<\/p><p data-start=\"1711\" data-end=\"1743\">Les activit\u00e9s comprennent<\/p><ul data-start=\"1745\" data-end=\"1920\"><li data-start=\"1745\" data-end=\"1780\"><p data-start=\"1747\" data-end=\"1780\">Exercices a\u00e9robiques l\u00e9gers et marche<\/p><\/li><li data-start=\"1781\" data-end=\"1818\"><p data-start=\"1783\" data-end=\"1818\">Exercices de renforcement et d'\u00e9quilibre<\/p><\/li><li data-start=\"1819\" data-end=\"1850\"><p data-start=\"1821\" data-end=\"1850\">Tension et kin\u00e9sith\u00e9rapie<\/p><\/li><li data-start=\"1851\" data-end=\"1892\"><p data-start=\"1853\" data-end=\"1892\">Programmes de groupe avec musique et danse<\/p><\/li><li data-start=\"1893\" data-end=\"1920\"><p data-start=\"1895\" data-end=\"1920\">Exercices de pr\u00e9vention des chutes<\/p><\/li><\/ul><p data-start=\"1922\" data-end=\"2168\">La participation \u00e0 un programme d'exercice physique contribue \u00e0 am\u00e9liorer la fonction musculaire et articulaire, \u00e0 renforcer la sant\u00e9 cardiovasculaire et \u00e0 pr\u00e9venir les blessures et les maladies chroniques. Il r\u00e9duit \u00e9galement le stress et am\u00e9liore l'humeur.<\/p>\t\t\t\t\t\t\t\t<\/div>\n\t\t\t\t<\/div>\n\t\t\t\t<\/div>\n\t\t<div class=\"elementor-element elementor-element-6172c2c e-con-full e-flex e-con e-child\" data-id=\"6172c2c\" data-element_type=\"container\" data-e-type=\"container\">\n\t\t\t\t<div class=\"elementor-element elementor-element-b2378c1 elementor-widget elementor-widget-image\" data-id=\"b2378c1\" data-element_type=\"widget\" data-e-type=\"widget\" data-widget_type=\"image.default\">\n\t\t\t\t<div class=\"elementor-widget-container\">\n\t\t\t\t\t\t\t\t\t\t\t\t\t\t\t<img decoding=\"async\" width=\"800\" height=\"600\" src=\"https:\/\/kozani.enilion.gr\/wp-content\/uploads\/2025\/07\/\u03b3\u03c5\u03bc\u03bd\u03b1\u03c3\u03c4\u03b7\u03c1\u03b9\u03bf.png\" class=\"attachment-large size-large wp-image-888\" alt=\"\u0397\u03bb\u03b9\u03ba\u03b9\u03c9\u03bc\u03ad\u03bd\u03bf\u03c2 \u03ac\u03bd\u03b4\u03c1\u03b1\u03c2 \u03ba\u03ac\u03bd\u03b5\u03b9 \u03c6\u03c5\u03c3\u03b9\u03bf\u03b8\u03b5\u03c1\u03b1\u03c0\u03b5\u03af\u03b1\" srcset=\"https:\/\/kozani.enilion.gr\/wp-content\/uploads\/2025\/07\/\u03b3\u03c5\u03bc\u03bd\u03b1\u03c3\u03c4\u03b7\u03c1\u03b9\u03bf.png 800w, https:\/\/kozani.enilion.gr\/wp-content\/uploads\/2025\/07\/\u03b3\u03c5\u03bc\u03bd\u03b1\u03c3\u03c4\u03b7\u03c1\u03b9\u03bf-300x225.png 300w, https:\/\/kozani.enilion.gr\/wp-content\/uploads\/2025\/07\/\u03b3\u03c5\u03bc\u03bd\u03b1\u03c3\u03c4\u03b7\u03c1\u03b9\u03bf-768x576.png 768w, https:\/\/kozani.enilion.gr\/wp-content\/uploads\/2025\/07\/\u03b3\u03c5\u03bc\u03bd\u03b1\u03c3\u03c4\u03b7\u03c1\u03b9\u03bf-600x450.png 600w\" sizes=\"(max-width: 800px) 100vw, 800px\" \/>\t\t\t\t\t\t\t\t\t\t\t\t\t\t\t<\/div>\n\t\t\t\t<\/div>\n\t\t\t\t<\/div>\n\t\t\t\t<\/div>\n\t\t\t\t\t<\/div>\n\t\t\t\t<\/div>\n\t\t<div class=\"elementor-element elementor-element-0b320ea e-flex e-con-boxed e-con e-parent\" data-id=\"0b320ea\" data-element_type=\"container\" data-e-type=\"container\" data-settings=\"{&quot;background_background&quot;:&quot;classic&quot;}\">\n\t\t\t\t\t<div class=\"e-con-inner\">\n\t\t<div class=\"elementor-element elementor-element-5acd0eb e-grid e-con-full e-con e-child\" data-id=\"5acd0eb\" data-element_type=\"container\" data-e-type=\"container\">\n\t\t<div class=\"elementor-element elementor-element-e31835a e-con-full e-flex e-con e-child\" data-id=\"e31835a\" data-element_type=\"container\" data-e-type=\"container\">\n\t\t\t\t<div class=\"elementor-element elementor-element-e80e6ba elementor-widget elementor-widget-image\" data-id=\"e80e6ba\" data-element_type=\"widget\" data-e-type=\"widget\" data-widget_type=\"image.default\">\n\t\t\t\t<div class=\"elementor-widget-container\">\n\t\t\t\t\t\t\t\t\t\t\t\t\t\t\t<img decoding=\"async\" width=\"800\" height=\"600\" src=\"https:\/\/kozani.enilion.gr\/wp-content\/uploads\/2025\/07\/\u03c6\u03c1\u03bf\u03bd\u03c4\u03b9\u03b4\u03b1-\u03b7\u03bb\u03b9\u03ba\u03b9\u03c9\u03bc\u03b5\u03bd\u03c9\u03bd-3.png\" class=\"attachment-large size-large wp-image-525\" alt=\"\u0397\u03bb\u03b9\u03ba\u03b9\u03c9\u03bc\u03ad\u03bd\u03bf\u03b9 \u03ba\u03ac\u03bd\u03bf\u03c5\u03bd \u03b5\u03bb\u03b1\u03c6\u03c1\u03b9\u03ac \u03ac\u03c3\u03ba\u03b7\u03c3\u03b7\" srcset=\"https:\/\/kozani.enilion.gr\/wp-content\/uploads\/2025\/07\/\u03c6\u03c1\u03bf\u03bd\u03c4\u03b9\u03b4\u03b1-\u03b7\u03bb\u03b9\u03ba\u03b9\u03c9\u03bc\u03b5\u03bd\u03c9\u03bd-3.png 800w, https:\/\/kozani.enilion.gr\/wp-content\/uploads\/2025\/07\/\u03c6\u03c1\u03bf\u03bd\u03c4\u03b9\u03b4\u03b1-\u03b7\u03bb\u03b9\u03ba\u03b9\u03c9\u03bc\u03b5\u03bd\u03c9\u03bd-3-300x225.png 300w, https:\/\/kozani.enilion.gr\/wp-content\/uploads\/2025\/07\/\u03c6\u03c1\u03bf\u03bd\u03c4\u03b9\u03b4\u03b1-\u03b7\u03bb\u03b9\u03ba\u03b9\u03c9\u03bc\u03b5\u03bd\u03c9\u03bd-3-768x576.png 768w\" sizes=\"(max-width: 800px) 100vw, 800px\" \/>\t\t\t\t\t\t\t\t\t\t\t\t\t\t\t<\/div>\n\t\t\t\t<\/div>\n\t\t\t\t<\/div>\n\t\t<div class=\"elementor-element elementor-element-5fe2f14 e-con-full e-flex e-con e-child\" data-id=\"5fe2f14\" data-element_type=\"container\" data-e-type=\"container\">\n\t\t\t\t<div class=\"elementor-element elementor-element-9faf5a2 elementor-widget elementor-widget-heading\" data-id=\"9faf5a2\" data-element_type=\"widget\" data-e-type=\"widget\" data-widget_type=\"heading.default\">\n\t\t\t\t<div class=\"elementor-widget-container\">\n\t\t\t\t\t<h2 class=\"elementor-heading-title elementor-size-default\">Centre de physioth\u00e9rapie - Des soins sp\u00e9cialis\u00e9s pour tous les besoins<\/h2>\t\t\t\t<\/div>\n\t\t\t\t<\/div>\n\t\t\t\t<div class=\"elementor-element elementor-element-dc64de7 elementor-widget elementor-widget-text-editor\" data-id=\"dc64de7\" data-element_type=\"widget\" data-e-type=\"widget\" data-widget_type=\"text-editor.default\">\n\t\t\t\t<div class=\"elementor-widget-container\">\n\t\t\t\t\t\t\t\t\t<p data-start=\"2235\" data-end=\"2532\">L'\u00e9quipe professionnelle de physioth\u00e9rapeutes d'ENHILION est aux c\u00f4t\u00e9s de chaque d\u00e9tenu qui a besoin d'une r\u00e9\u00e9ducation, d'un soulagement de la douleur chronique ou d'une am\u00e9lioration de la mobilit\u00e9. Gr\u00e2ce \u00e0 une \u00e9valuation par un personnel qualifi\u00e9 et \u00e0 un suivi continu, nous concevons des programmes individuels de physioth\u00e9rapie pour.. :<\/p><ul data-start=\"2534\" data-end=\"2786\"><li data-start=\"2534\" data-end=\"2584\"><p data-start=\"2536\" data-end=\"2584\">Arthrite et maladies d\u00e9g\u00e9n\u00e9ratives des articulations<\/p><\/li><li data-start=\"2585\" data-end=\"2619\"><p data-start=\"2587\" data-end=\"2619\">Blessures ou fractures dues \u00e0 des chutes<\/p><\/li><li data-start=\"2620\" data-end=\"2663\"><p data-start=\"2622\" data-end=\"2663\">Incidents neurologiques (par exemple, accident vasculaire c\u00e9r\u00e9bral)<\/p><\/li><li data-start=\"2664\" data-end=\"2693\"><p data-start=\"2666\" data-end=\"2693\">R\u00e9adaptation postop\u00e9ratoire<\/p><\/li><li data-start=\"2694\" data-end=\"2723\"><p data-start=\"2696\" data-end=\"2723\">Physioth\u00e9rapie respiratoire<\/p><\/li><li data-start=\"2724\" data-end=\"2786\"><p data-start=\"2726\" data-end=\"2786\">Massage lymphatique en cas de r\u00e9tention d'eau ou de probl\u00e8mes circulatoires<\/p><\/li><\/ul><p data-start=\"2788\" data-end=\"3027\">Les traitements sont appliqu\u00e9s \u00e0 l'aide d'\u00e9quipements modernes, toujours sous la supervision de professionnels, dans un lieu confortable et s\u00fbr. Les s\u00e9ances ont des effets positifs sur la fonctionnalit\u00e9 et la qualit\u00e9 de vie de nos patients.<\/p>\t\t\t\t\t\t\t\t<\/div>\n\t\t\t\t<\/div>\n\t\t\t\t<\/div>\n\t\t\t\t<\/div>\n\t\t\t\t\t<\/div>\n\t\t\t\t<\/div>\n\t\t<div class=\"elementor-element elementor-element-baa93b8 e-flex e-con-boxed e-con e-parent\" data-id=\"baa93b8\" data-element_type=\"container\" data-e-type=\"container\" data-settings=\"{&quot;background_background&quot;:&quot;classic&quot;}\">\n\t\t\t\t\t<div class=\"e-con-inner\">\n\t\t<div class=\"elementor-element elementor-element-0f0735f e-con-full e-flex e-con e-child\" data-id=\"0f0735f\" data-element_type=\"container\" data-e-type=\"container\">\n\t\t\t\t<div class=\"elementor-element elementor-element-95ab868 elementor-widget elementor-widget-heading\" data-id=\"95ab868\" data-element_type=\"widget\" data-e-type=\"widget\" data-widget_type=\"heading.default\">\n\t\t\t\t<div class=\"elementor-widget-container\">\n\t\t\t\t\t<h2 class=\"elementor-heading-title elementor-size-default\">Approche centr\u00e9e sur la personne - La personne au centre<\/h2>\t\t\t\t<\/div>\n\t\t\t\t<\/div>\n\t\t\t\t<div class=\"elementor-element elementor-element-e14f80e elementor-widget elementor-widget-text-editor\" data-id=\"e14f80e\" data-element_type=\"widget\" data-e-type=\"widget\" data-widget_type=\"text-editor.default\">\n\t\t\t\t<div class=\"elementor-widget-container\">\n\t\t\t\t\t\t\t\t\t<p data-start=\"3086\" data-end=\"3426\">L'\u00e9quipe d'ENHILION collabore quotidiennement pour veiller \u00e0 ce que chaque r\u00e9sident re\u00e7oive des soins personnalis\u00e9s r\u00e9pondant \u00e0 ses besoins et \u00e0 ses souhaits sp\u00e9cifiques. Avant de commencer un programme de kin\u00e9sith\u00e9rapie ou d'exercices, une \u00e9quipe m\u00e9dicale et th\u00e9rapeutique proc\u00e8de \u00e0 une \u00e9valuation afin de s'assurer qu'il est parfaitement s\u00fbr et cibl\u00e9.<\/p><p data-start=\"3428\" data-end=\"3576\">En outre, des services de coiffure sont programm\u00e9s tout au long de la semaine, en respectant les pr\u00e9f\u00e9rences et le style personnel de chaque d\u00e9tenu.<\/p>\t\t\t\t\t\t\t\t<\/div>\n\t\t\t\t<\/div>\n\t\t\t\t<\/div>\n\t\t\t\t\t<\/div>\n\t\t\t\t<\/div>\n\t\t<div class=\"elementor-element elementor-element-f3e5600 e-flex e-con-boxed e-con e-parent\" data-id=\"f3e5600\" data-element_type=\"container\" data-e-type=\"container\" data-settings=\"{&quot;background_background&quot;:&quot;classic&quot;}\">\n\t\t\t\t\t<div class=\"e-con-inner\">\n\t\t<div class=\"elementor-element elementor-element-c219cef e-con-full e-flex e-con e-child\" data-id=\"c219cef\" data-element_type=\"container\" data-e-type=\"container\">\n\t\t\t\t<div class=\"elementor-element elementor-element-ca6a767 elementor-align-center elementor-widget elementor-widget-button\" data-id=\"ca6a767\" data-element_type=\"widget\" data-e-type=\"widget\" data-widget_type=\"button.default\">\n\t\t\t\t<div class=\"elementor-widget-container\">\n\t\t\t\t\t\t\t\t\t<div class=\"elementor-button-wrapper\">\n\t\t\t\t\t<a class=\"elementor-button elementor-button-link elementor-size-sm elementor-animation-grow\" href=\"https:\/\/kozani.enilion.gr\/fr\/epikinonia\/\">\n\t\t\t\t\t\t<span class=\"elementor-button-content-wrapper\">\n\t\t\t\t\t\t\t\t\t<span class=\"elementor-button-text\">Contact<\/span>\n\t\t\t\t\t<\/span>\n\t\t\t\t\t<\/a>\n\t\t\t\t<\/div>\n\t\t\t\t\t\t\t\t<\/div>\n\t\t\t\t<\/div>\n\t\t\t\t<div class=\"elementor-element elementor-element-8f60386 elementor-widget elementor-widget-text-editor\" data-id=\"8f60386\" data-element_type=\"widget\" data-e-type=\"widget\" data-widget_type=\"text-editor.default\">\n\t\t\t\t<div class=\"elementor-widget-container\">\n\t\t\t\t\t\t\t\t\t<p>Vous souhaitez en savoir plus sur les services de toilettage, d'exercice ou de physioth\u00e9rapie d'ENHILION ? Notre \u00e9quipe se tient \u00e0 votre disposition pour vous fournir des informations d\u00e9taill\u00e9es, vous proposer des programmes personnalis\u00e9s et organiser une visite sur place. Contactez-nous par t\u00e9l\u00e9phone ou par e-mail pour discuter de la mani\u00e8re dont nous pouvons contribuer de mani\u00e8re significative \u00e0 la qualit\u00e9 de vie de vos proches.<\/p>\t\t\t\t\t\t\t\t<\/div>\n\t\t\t\t<\/div>\n\t\t\t\t<\/div>\n\t\t\t\t\t<\/div>\n\t\t\t\t<\/div>\n\t\t\t\t<\/div>","protected":false},"excerpt":{"rendered":"<p>\u039a\u03bf\u03bc\u03bc\u03c9\u03c4\u03ae\u03c1\u03b9\u03bf &amp; \u0393\u03c5\u03bc\u03bd\u03b1\u03c3\u03c4\u03ae\u03c1\u03b9\u03bf\/\u03a6\u03c5\u03c3\u03b9\u03ba\u03bf\u03b8\u03b5\u03c1\u03b1\u03c0\u03b5\u03c5\u03c4\u03ae\u03c1\u03b9\u03bf \u03a3\u03c4\u03b7\u03bd \u0395\u039d\u0397\u039b\u0399\u039f\u039d, \u03b1\u03bd\u03c4\u03b9\u03bb\u03b1\u03bc\u03b2\u03b1\u03bd\u03cc\u03bc\u03b1\u03c3\u03c4\u03b5 \u03c0\u03cc\u03c3\u03bf \u03c3\u03b7\u03bc\u03b1\u03bd\u03c4\u03b9\u03ba\u03cc \u03b5\u03af\u03bd\u03b1\u03b9 \u03bf\u03b9 \u03b7\u03bb\u03b9\u03ba\u03b9\u03c9\u03bc\u03ad\u03bd\u03bf\u03b9 \u03bc\u03b1\u03c2 \u03bd\u03b1 \u03b1\u03b9\u03c3\u03b8\u03ac\u03bd\u03bf\u03bd\u03c4\u03b1\u03b9 \u03c6\u03c1\u03bf\u03bd\u03c4\u03b9\u03c3\u03bc\u03ad\u03bd\u03bf\u03b9 \u03cc\u03c7\u03b9 \u03bc\u03cc\u03bd\u03bf \u03c3\u03b5 \u03b5\u03c0\u03af\u03c0\u03b5\u03b4\u03bf \u03c5\u03b3\u03b5\u03af\u03b1\u03c2, \u03b1\u03bb\u03bb\u03ac \u03ba\u03b1\u03b9 \u03b1\u03b9\u03c3\u03b8\u03b7\u03c4\u03b9\u03ba\u03ae\u03c2, \u03c6\u03c5\u03c3\u03b9\u03ba\u03ae\u03c2 \u03ba\u03b1\u03c4\u03ac\u03c3\u03c4\u03b1\u03c3\u03b7\u03c2 \u03ba\u03b1\u03b9 \u03b1\u03c5\u03c4\u03bf\u03b5\u03ba\u03c4\u03af\u03bc\u03b7\u03c3\u03b7\u03c2. \u0393\u03b9\u03b1 \u03c4\u03bf\u03bd \u03bb\u03cc\u03b3\u03bf \u03b1\u03c5\u03c4\u03cc, \u03b4\u03b7\u03bc\u03b9\u03bf\u03c5\u03c1\u03b3\u03ae\u03c3\u03b1\u03bc\u03b5 \u03ad\u03bd\u03b1\u03bd \u03bf\u03bb\u03bf\u03ba\u03bb\u03b7\u03c1\u03c9\u03bc\u03ad\u03bd\u03bf \u03c7\u03ce\u03c1\u03bf \u03b5\u03c5\u03b5\u03be\u03af\u03b1\u03c2 \u03c0\u03bf\u03c5 \u03c0\u03b5\u03c1\u03b9\u03bb\u03b1\u03bc\u03b2\u03ac\u03bd\u03b5\u03b9 \u03ba\u03bf\u03bc\u03bc\u03c9\u03c4\u03ae\u03c1\u03b9\u03bf, \u03b3\u03c5\u03bc\u03bd\u03b1\u03c3\u03c4\u03ae\u03c1\u03b9\u03bf \u03ba\u03b1\u03b9 \u03c6\u03c5\u03c3\u03b9\u03ba\u03bf\u03b8\u03b5\u03c1\u03b1\u03c0\u03b5\u03c5\u03c4\u03ae\u03c1\u03b9\u03bf, \u03c3\u03c7\u03b5\u03b4\u03b9\u03b1\u03c3\u03bc\u03ad\u03bd\u03b1 \u03b1\u03c0\u03bf\u03ba\u03bb\u03b5\u03b9\u03c3\u03c4\u03b9\u03ba\u03ac \u03b3\u03b9\u03b1 \u03c4\u03b9\u03c2 \u03b1\u03bd\u03ac\u03b3\u03ba\u03b5\u03c2 \u03c4\u03b7\u03c2 \u03c4\u03c1\u03af\u03c4\u03b7\u03c2 \u03b7\u03bb\u03b9\u03ba\u03af\u03b1\u03c2. \u039a\u03bf\u03bc\u03bc\u03c9\u03c4\u03ae\u03c1\u03b9\u03bf \u2013 \u0397 \u03c6\u03c1\u03bf\u03bd\u03c4\u03af\u03b4\u03b1 \u03c0\u03bf\u03c5 [&hellip;]<\/p>\n","protected":false},"author":1,"featured_media":0,"parent":0,"menu_order":0,"comment_status":"closed","ping_status":"closed","template":"","meta":{"_acf_changed":false,"pagelayer_contact_templates":[],"_pagelayer_content":"","_uag_custom_page_level_css":"","footnotes":""},"class_list":["post-298","page","type-page","status-publish","hentry"],"acf":[],"uagb_featured_image_src":{"full":false,"thumbnail":false,"medium":false,"medium_large":false,"large":false,"1536x1536":false,"2048x2048":false,"trp-custom-language-flag":false,"mailpoet_newsletter_max":false},"uagb_author_info":{"display_name":"niktat1973","author_link":"https:\/\/kozani.enilion.gr\/fr\/author\/niktat1973\/"},"uagb_comment_info":0,"uagb_excerpt":"\u039a\u03bf\u03bc\u03bc\u03c9\u03c4\u03ae\u03c1\u03b9\u03bf &amp; \u0393\u03c5\u03bc\u03bd\u03b1\u03c3\u03c4\u03ae\u03c1\u03b9\u03bf\/\u03a6\u03c5\u03c3\u03b9\u03ba\u03bf\u03b8\u03b5\u03c1\u03b1\u03c0\u03b5\u03c5\u03c4\u03ae\u03c1\u03b9\u03bf \u03a3\u03c4\u03b7\u03bd \u0395\u039d\u0397\u039b\u0399\u039f\u039d, \u03b1\u03bd\u03c4\u03b9\u03bb\u03b1\u03bc\u03b2\u03b1\u03bd\u03cc\u03bc\u03b1\u03c3\u03c4\u03b5 \u03c0\u03cc\u03c3\u03bf \u03c3\u03b7\u03bc\u03b1\u03bd\u03c4\u03b9\u03ba\u03cc \u03b5\u03af\u03bd\u03b1\u03b9 \u03bf\u03b9 \u03b7\u03bb\u03b9\u03ba\u03b9\u03c9\u03bc\u03ad\u03bd\u03bf\u03b9 \u03bc\u03b1\u03c2 \u03bd\u03b1 \u03b1\u03b9\u03c3\u03b8\u03ac\u03bd\u03bf\u03bd\u03c4\u03b1\u03b9 \u03c6\u03c1\u03bf\u03bd\u03c4\u03b9\u03c3\u03bc\u03ad\u03bd\u03bf\u03b9 \u03cc\u03c7\u03b9 \u03bc\u03cc\u03bd\u03bf \u03c3\u03b5 \u03b5\u03c0\u03af\u03c0\u03b5\u03b4\u03bf \u03c5\u03b3\u03b5\u03af\u03b1\u03c2, \u03b1\u03bb\u03bb\u03ac \u03ba\u03b1\u03b9 \u03b1\u03b9\u03c3\u03b8\u03b7\u03c4\u03b9\u03ba\u03ae\u03c2, \u03c6\u03c5\u03c3\u03b9\u03ba\u03ae\u03c2 \u03ba\u03b1\u03c4\u03ac\u03c3\u03c4\u03b1\u03c3\u03b7\u03c2 \u03ba\u03b1\u03b9 \u03b1\u03c5\u03c4\u03bf\u03b5\u03ba\u03c4\u03af\u03bc\u03b7\u03c3\u03b7\u03c2. \u0393\u03b9\u03b1 \u03c4\u03bf\u03bd \u03bb\u03cc\u03b3\u03bf \u03b1\u03c5\u03c4\u03cc, \u03b4\u03b7\u03bc\u03b9\u03bf\u03c5\u03c1\u03b3\u03ae\u03c3\u03b1\u03bc\u03b5 \u03ad\u03bd\u03b1\u03bd \u03bf\u03bb\u03bf\u03ba\u03bb\u03b7\u03c1\u03c9\u03bc\u03ad\u03bd\u03bf \u03c7\u03ce\u03c1\u03bf \u03b5\u03c5\u03b5\u03be\u03af\u03b1\u03c2 \u03c0\u03bf\u03c5 \u03c0\u03b5\u03c1\u03b9\u03bb\u03b1\u03bc\u03b2\u03ac\u03bd\u03b5\u03b9 \u03ba\u03bf\u03bc\u03bc\u03c9\u03c4\u03ae\u03c1\u03b9\u03bf, \u03b3\u03c5\u03bc\u03bd\u03b1\u03c3\u03c4\u03ae\u03c1\u03b9\u03bf \u03ba\u03b1\u03b9 \u03c6\u03c5\u03c3\u03b9\u03ba\u03bf\u03b8\u03b5\u03c1\u03b1\u03c0\u03b5\u03c5\u03c4\u03ae\u03c1\u03b9\u03bf, \u03c3\u03c7\u03b5\u03b4\u03b9\u03b1\u03c3\u03bc\u03ad\u03bd\u03b1 \u03b1\u03c0\u03bf\u03ba\u03bb\u03b5\u03b9\u03c3\u03c4\u03b9\u03ba\u03ac \u03b3\u03b9\u03b1 \u03c4\u03b9\u03c2 \u03b1\u03bd\u03ac\u03b3\u03ba\u03b5\u03c2 \u03c4\u03b7\u03c2 \u03c4\u03c1\u03af\u03c4\u03b7\u03c2 \u03b7\u03bb\u03b9\u03ba\u03af\u03b1\u03c2. \u039a\u03bf\u03bc\u03bc\u03c9\u03c4\u03ae\u03c1\u03b9\u03bf \u2013 \u0397 \u03c6\u03c1\u03bf\u03bd\u03c4\u03af\u03b4\u03b1 \u03c0\u03bf\u03c5\u2026","_links":{"self":[{"href":"https:\/\/kozani.enilion.gr\/fr\/wp-json\/wp\/v2\/pages\/298","targetHints":{"allow":["GET"]}}],"collection":[{"href":"https:\/\/kozani.enilion.gr\/fr\/wp-json\/wp\/v2\/pages"}],"about":[{"href":"https:\/\/kozani.enilion.gr\/fr\/wp-json\/wp\/v2\/types\/page"}],"author":[{"embeddable":true,"href":"https:\/\/kozani.enilion.gr\/fr\/wp-json\/wp\/v2\/users\/1"}],"replies":[{"embeddable":true,"href":"https:\/\/kozani.enilion.gr\/fr\/wp-json\/wp\/v2\/comments?post=298"}],"version-history":[{"count":25,"href":"https:\/\/kozani.enilion.gr\/fr\/wp-json\/wp\/v2\/pages\/298\/revisions"}],"predecessor-version":[{"id":2553,"href":"https:\/\/kozani.enilion.gr\/fr\/wp-json\/wp\/v2\/pages\/298\/revisions\/2553"}],"wp:attachment":[{"href":"https:\/\/kozani.enilion.gr\/fr\/wp-json\/wp\/v2\/media?parent=298"}],"curies":[{"name":"wp","href":"https:\/\/api.w.org\/{rel}","templated":true}]}}