{"id":542,"date":"2025-07-02T22:57:27","date_gmt":"2025-07-02T19:57:27","guid":{"rendered":"https:\/\/enilion.gr\/?page_id=542"},"modified":"2026-03-17T08:55:31","modified_gmt":"2026-03-17T05:55:31","slug":"%ce%b1%ce%b9%ce%bc%ce%bf%ce%ba%ce%b1%ce%b8%ce%b1%ce%b9%cf%81%ce%bf%cf%8d%ce%bc%ce%b5%ce%bd%ce%bf%ce%b9","status":"publish","type":"page","link":"https:\/\/kozani.enilion.gr\/sq\/%ce%b1%ce%b9%ce%bc%ce%bf%ce%ba%ce%b1%ce%b8%ce%b1%ce%b9%cf%81%ce%bf%cf%8d%ce%bc%ce%b5%ce%bd%ce%bf%ce%b9\/","title":{"rendered":"Pacient\u00ebt me dializ\u00eb"},"content":{"rendered":"<div data-elementor-type=\"wp-page\" data-elementor-id=\"542\" class=\"elementor elementor-542\" data-elementor-post-type=\"page\">\n\t\t\t\t<div class=\"elementor-element elementor-element-50a1a67 e-flex e-con-boxed e-con e-parent\" data-id=\"50a1a67\" data-element_type=\"container\" data-e-type=\"container\" data-settings=\"{&quot;background_background&quot;:&quot;classic&quot;}\">\n\t\t\t\t\t<div class=\"e-con-inner\">\n\t\t\t\t<div class=\"elementor-element elementor-element-ed174d8 elementor-widget elementor-widget-heading\" data-id=\"ed174d8\" data-element_type=\"widget\" data-e-type=\"widget\" data-widget_type=\"heading.default\">\n\t\t\t\t<div class=\"elementor-widget-container\">\n\t\t\t\t\t<h1 class=\"elementor-heading-title elementor-size-default\">Pacient\u00ebt me dializ\u00eb<\/h1>\t\t\t\t<\/div>\n\t\t\t\t<\/div>\n\t\t\t\t\t<\/div>\n\t\t\t\t<\/div>\n\t\t<div class=\"elementor-element elementor-element-26ac116 e-flex e-con-boxed e-con e-parent\" data-id=\"26ac116\" data-element_type=\"container\" data-e-type=\"container\" data-settings=\"{&quot;background_background&quot;:&quot;classic&quot;}\">\n\t\t\t\t\t<div class=\"e-con-inner\">\n\t\t<div class=\"elementor-element elementor-element-4903ceb e-con-full e-flex e-con e-child\" data-id=\"4903ceb\" data-element_type=\"container\" data-e-type=\"container\">\n\t\t\t\t<div class=\"elementor-element elementor-element-7a6544c elementor-widget elementor-widget-text-editor\" data-id=\"7a6544c\" data-element_type=\"widget\" data-e-type=\"widget\" data-widget_type=\"text-editor.default\">\n\t\t\t\t<div class=\"elementor-widget-container\">\n\t\t\t\t\t\t\t\t\t<p>Enelion plot\u00ebson t\u00eb gjitha k\u00ebrkesat p\u00ebr akomodimin e pacient\u00ebve n\u00eb dializ\u00eb.<br \/>Mjek\u00ebt tan\u00eb monitorojn\u00eb sh\u00ebndetin e tyre \u00e7do dit\u00eb, duke ndjekur \u00e7do trajtim.<br \/>\u03a4\u03bf \u03bd\u03bf\u03c3\u03b7\u03bb\u03b5\u03c5\u03c4\u03b9\u03ba\u03cc \u03bc\u03b1\u03c2 \u03c0\u03c1\u03bf\u03c3\u03c9\u03c0\u03b9\u03ba\u03cc \u03ba\u03b1\u03b8\u2019 \u03cc\u03bb\u03bf \u03c4\u03bf 24\u03c9\u03c1\u03bf \u03b5\u03af\u03bd\u03b1\u03b9 \u03c3\u03c4\u03b7 \u03b4\u03b9\u03ac\u03b8\u03b5\u03c3\u03ae \u03c4\u03bf\u03c5\u03c2 \u03c0\u03c1\u03bf\u03ba\u03b5\u03b9\u03bc\u03ad\u03bd\u03bf\u03c5 \u03bd\u03b1 \u03c4\u03bf\u03c5\u03c2 \u03b2\u03bf\u03b7\u03b8\u03ae\u03c3\u03b5\u03b9 \u03c3\u03c4\u03b7 \u03c7\u03bf\u03c1\u03ae\u03b3\u03b7\u03c3\u03b7 \u03c4\u03b7\u03c2 \u03c6\u03b1\u03c1\u03bc\u03b1\u03ba\u03b5\u03c5\u03c4\u03b9\u03ba\u03ae\u03c2 \u03c4\u03bf\u03c5\u03c2 \u03b1\u03b3\u03c9\u03b3\u03ae\u03c2 \u03b1\u03bb\u03bb\u03ac \u03ba\u03b1\u03b9 \u03c3\u03b5 \u03ba\u03ac\u03b8\u03b5 \u03ba\u03b1\u03b8\u03b7\u03bc\u03b5\u03c1\u03b9\u03bd\u03ae \u03b1\u03bd\u03ac\u03b3\u03ba\u03b7 \u03c4\u03bf\u03c5\u03c2.<br \/>\u03a4\u03bf \u03b4\u03b9\u03b1\u03b9\u03c4\u03bf\u03bb\u03cc\u03b3\u03b9\u03bf \u03c4\u03b7\u03c2 \u039c\u03bf\u03bd\u03ac\u03b4\u03b1\u03c2 \u03b5\u03af\u03bd\u03b1\u03b9 \u03c0\u03bb\u03ae\u03c1\u03c9\u03c2 \u03b5\u03bd\u03b1\u03c1\u03bc\u03bf\u03bd\u03b9\u03c3\u03bc\u03ad\u03bd\u03bf \u03bc\u03b5 \u03c4\u03b9\u03c2 \u03b1\u03bd\u03ac\u03b3\u03ba\u03b5\u03c2 \u03c4\u03bf\u03c5 \u03ba\u03ac\u03b8\u03b5 \u03c0\u03b5\u03c1\u03b9\u03b8\u03b1\u03bb\u03c0\u03cc\u03bc\u03b5\u03bd\u03bf\u03c5.<br \/>\u0395\u03c0\u03af\u03c3\u03b7\u03c2, \u03c3\u03c4\u03b7\u03bd \u0395\u039d\u0397\u039b\u0399\u039f\u039d \u03c6\u03c1\u03bf\u03bd\u03c4\u03af\u03b6\u03bf\u03c5\u03bc\u03b5 \u03b3\u03b9\u03b1 \u03c4\u03b7 \u03bc\u03b5\u03c4\u03b1\u03c6\u03bf\u03c1\u03ac \u03c4\u03c9\u03bd \u03b1\u03b9\u03bc\u03bf\u03ba\u03b1\u03b8\u03b1\u03b9\u03c1\u03bf\u03cd\u03bc\u03b5\u03bd\u03c9\u03bd \u03b1\u03c0\u03cc \u03ba\u03b1\u03b9 \u03c0\u03c1\u03bf\u03c2 \u03c4\u03bf<br \/>\u03ba\u03ad\u03bd\u03c4\u03c1\u03bf \u03b1\u03b9\u03bc\u03bf\u03ba\u03ac\u03b8\u03b1\u03c1\u03c3\u03b7\u03c2 .<\/p>\t\t\t\t\t\t\t\t<\/div>\n\t\t\t\t<\/div>\n\t\t\t\t<\/div>\n\t\t\t\t\t<\/div>\n\t\t\t\t<\/div>\n\t\t<div class=\"elementor-element elementor-element-b86439a e-flex e-con-boxed e-con e-parent\" data-id=\"b86439a\" data-element_type=\"container\" data-e-type=\"container\" data-settings=\"{&quot;background_background&quot;:&quot;classic&quot;}\">\n\t\t\t\t\t<div class=\"e-con-inner\">\n\t\t<div class=\"elementor-element elementor-element-331be38 e-con-full e-flex e-con e-child\" data-id=\"331be38\" data-element_type=\"container\" data-e-type=\"container\">\n\t\t\t\t<div class=\"elementor-element elementor-element-abeea03 elementor-align-center elementor-widget elementor-widget-button\" data-id=\"abeea03\" data-element_type=\"widget\" data-e-type=\"widget\" data-widget_type=\"button.default\">\n\t\t\t\t<div class=\"elementor-widget-container\">\n\t\t\t\t\t\t\t\t\t<div class=\"elementor-button-wrapper\">\n\t\t\t\t\t<a class=\"elementor-button elementor-button-link elementor-size-sm elementor-animation-grow\" href=\"https:\/\/kozani.enilion.gr\/sq\/epikinonia\/\">\n\t\t\t\t\t\t<span class=\"elementor-button-content-wrapper\">\n\t\t\t\t\t\t\t\t\t<span class=\"elementor-button-text\">Kontaktoni<\/span>\n\t\t\t\t\t<\/span>\n\t\t\t\t\t<\/a>\n\t\t\t\t<\/div>\n\t\t\t\t\t\t\t\t<\/div>\n\t\t\t\t<\/div>\n\t\t\t\t<div class=\"elementor-element elementor-element-aeac843 elementor-widget elementor-widget-text-editor\" data-id=\"aeac843\" data-element_type=\"widget\" data-e-type=\"widget\" data-widget_type=\"text-editor.default\">\n\t\t\t\t<div class=\"elementor-widget-container\">\n\t\t\t\t\t\t\t\t\t<p>\u0398\u03b1 \u03b8\u03ad\u03bb\u03b1\u03c4\u03b5 \u03c0\u03b5\u03c1\u03b9\u03c3\u03c3\u03cc\u03c4\u03b5\u03c1\u03b5\u03c2 \u03c0\u03bb\u03b7\u03c1\u03bf\u03c6\u03bf\u03c1\u03af\u03b5\u03c2; \u0395\u03af\u03bc\u03b1\u03c3\u03c4\u03b5 \u03b5\u03b4\u03ce \u03b3\u03b9\u03b1 \u03bd\u03b1 \u03c3\u03b1\u03c2 \u03b1\u03ba\u03bf\u03cd\u03c3\u03bf\u03c5\u03bc\u03b5 \u03ba\u03b1\u03b9 \u03bd\u03b1 \u03c3\u03b1\u03c2 \u03ba\u03b1\u03b8\u03bf\u03b4\u03b7\u03b3\u03ae\u03c3\u03bf\u03c5\u03bc\u03b5! \u0397 \u03bf\u03bc\u03ac\u03b4\u03b1 \u03bc\u03b1\u03c2 \u03b5\u03af\u03bd\u03b1\u03b9 \u03c0\u03ac\u03bd\u03c4\u03b1 \u03b4\u03b9\u03b1\u03b8\u03ad\u03c3\u03b9\u03bc\u03b7 \u03b3\u03b9\u03b1 \u03bd\u03b1 \u03c3\u03b1\u03c2 \u03b5\u03be\u03b7\u03b3\u03ae\u03c3\u03b5\u03b9 \u03c4\u03b7 \u03b4\u03b9\u03b1\u03b4\u03b9\u03ba\u03b1\u03c3\u03af\u03b1 \u03c6\u03b9\u03bb\u03bf\u03be\u03b5\u03bd\u03af\u03b1\u03c2, \u03bd\u03b1 \u03b1\u03c0\u03b1\u03bd\u03c4\u03ae\u03c3\u03b5\u03b9 \u03c3\u03b5 \u03b5\u03c1\u03c9\u03c4\u03ae\u03c3\u03b5\u03b9\u03c2 \u03ba\u03b1\u03b9 \u03bd\u03b1 \u03c0\u03c1\u03bf\u03c4\u03b5\u03af\u03bd\u03b5\u03b9 \u03c4\u03b9\u03c2 \u03c0\u03b9\u03bf \u03ba\u03b1\u03c4\u03ac\u03bb\u03bb\u03b7\u03bb\u03b5\u03c2 \u03b5\u03c0\u03b9\u03bb\u03bf\u03b3\u03ad\u03c2 \u03b3\u03b9\u03b1 \u03b5\u03c3\u03ac\u03c2 \u03ae \u03c4\u03bf\u03c5\u03c2 \u03b4\u03b9\u03ba\u03bf\u03cd\u03c2 \u03c3\u03b1\u03c2 \u03b1\u03bd\u03b8\u03c1\u03ce\u03c0\u03bf\u03c5\u03c2.<\/p>\t\t\t\t\t\t\t\t<\/div>\n\t\t\t\t<\/div>\n\t\t\t\t<\/div>\n\t\t\t\t\t<\/div>\n\t\t\t\t<\/div>\n\t\t\t\t<\/div>","protected":false},"excerpt":{"rendered":"<p>\u0391\u03b9\u03bc\u03bf\u03ba\u03b1\u03b8\u03b1\u03b9\u03c1\u03cc\u03bc\u03b5\u03bd\u03bf\u03b9 \u0397 \u0395\u03bd\u03ae\u03bb\u03b9\u03bf\u03bd \u03c0\u03bb\u03b7\u03c1\u03bf\u03af \u03cc\u03bb\u03b5\u03c2 \u03c4\u03b9\u03c2 \u03c0\u03c1\u03bf\u03cb\u03c0\u03bf\u03b8\u03ad\u03c3\u03b5\u03b9\u03c2 \u03b4\u03b9\u03b1\u03bc\u03bf\u03bd\u03ae\u03c2 \u03b1\u03b9\u03bc\u03bf\u03ba\u03b1\u03b8\u03b1\u03b9\u03c1\u03cc\u03bc\u03b5\u03bd\u03c9\u03bd \u03b1\u03c3\u03b8\u03b5\u03bd\u03ce\u03bd.\u039f\u03b9 \u03b3\u03b9\u03b1\u03c4\u03c1\u03bf\u03af \u03bc\u03b1\u03c2 \u03c0\u03b1\u03c1\u03b1\u03ba\u03bf\u03bb\u03bf\u03c5\u03b8\u03bf\u03cd\u03bd \u03ba\u03b1\u03b8\u03b7\u03bc\u03b5\u03c1\u03b9\u03bd\u03ac \u03c4\u03b7\u03bd \u03c0\u03bf\u03c1\u03b5\u03af\u03b1 \u03c4\u03b7\u03c2 \u03c5\u03b3\u03b5\u03af\u03b1\u03c2 \u03c4\u03bf\u03c5\u03c2, \u03bc\u03b5\u03c4\u03ac \u03b1\u03c0\u03cc \u03ba\u03ac\u03b8\u03b5 \u03b8\u03b5\u03c1\u03b1\u03c0\u03b5\u03af\u03b1.\u03a4\u03bf \u03bd\u03bf\u03c3\u03b7\u03bb\u03b5\u03c5\u03c4\u03b9\u03ba\u03cc \u03bc\u03b1\u03c2 \u03c0\u03c1\u03bf\u03c3\u03c9\u03c0\u03b9\u03ba\u03cc \u03ba\u03b1\u03b8\u2019 \u03cc\u03bb\u03bf \u03c4\u03bf 24\u03c9\u03c1\u03bf \u03b5\u03af\u03bd\u03b1\u03b9 \u03c3\u03c4\u03b7 \u03b4\u03b9\u03ac\u03b8\u03b5\u03c3\u03ae \u03c4\u03bf\u03c5\u03c2 \u03c0\u03c1\u03bf\u03ba\u03b5\u03b9\u03bc\u03ad\u03bd\u03bf\u03c5 \u03bd\u03b1 \u03c4\u03bf\u03c5\u03c2 \u03b2\u03bf\u03b7\u03b8\u03ae\u03c3\u03b5\u03b9 \u03c3\u03c4\u03b7 \u03c7\u03bf\u03c1\u03ae\u03b3\u03b7\u03c3\u03b7 \u03c4\u03b7\u03c2 \u03c6\u03b1\u03c1\u03bc\u03b1\u03ba\u03b5\u03c5\u03c4\u03b9\u03ba\u03ae\u03c2 \u03c4\u03bf\u03c5\u03c2 \u03b1\u03b3\u03c9\u03b3\u03ae\u03c2 \u03b1\u03bb\u03bb\u03ac \u03ba\u03b1\u03b9 \u03c3\u03b5 \u03ba\u03ac\u03b8\u03b5 \u03ba\u03b1\u03b8\u03b7\u03bc\u03b5\u03c1\u03b9\u03bd\u03ae \u03b1\u03bd\u03ac\u03b3\u03ba\u03b7 \u03c4\u03bf\u03c5\u03c2.\u03a4\u03bf \u03b4\u03b9\u03b1\u03b9\u03c4\u03bf\u03bb\u03cc\u03b3\u03b9\u03bf \u03c4\u03b7\u03c2 \u039c\u03bf\u03bd\u03ac\u03b4\u03b1\u03c2 \u03b5\u03af\u03bd\u03b1\u03b9 [&hellip;]<\/p>\n","protected":false},"author":1,"featured_media":0,"parent":0,"menu_order":0,"comment_status":"closed","ping_status":"closed","template":"","meta":{"_acf_changed":false,"pagelayer_contact_templates":[],"_pagelayer_content":"","_uag_custom_page_level_css":"","footnotes":""},"class_list":["post-542","page","type-page","status-publish","hentry"],"acf":[],"uagb_featured_image_src":{"full":false,"thumbnail":false,"medium":false,"medium_large":false,"large":false,"1536x1536":false,"2048x2048":false,"trp-custom-language-flag":false,"mailpoet_newsletter_max":false},"uagb_author_info":{"display_name":"niktat1973","author_link":"https:\/\/kozani.enilion.gr\/sq\/author\/niktat1973\/"},"uagb_comment_info":0,"uagb_excerpt":"\u0391\u03b9\u03bc\u03bf\u03ba\u03b1\u03b8\u03b1\u03b9\u03c1\u03cc\u03bc\u03b5\u03bd\u03bf\u03b9 \u0397 \u0395\u03bd\u03ae\u03bb\u03b9\u03bf\u03bd \u03c0\u03bb\u03b7\u03c1\u03bf\u03af \u03cc\u03bb\u03b5\u03c2 \u03c4\u03b9\u03c2 \u03c0\u03c1\u03bf\u03cb\u03c0\u03bf\u03b8\u03ad\u03c3\u03b5\u03b9\u03c2 \u03b4\u03b9\u03b1\u03bc\u03bf\u03bd\u03ae\u03c2 \u03b1\u03b9\u03bc\u03bf\u03ba\u03b1\u03b8\u03b1\u03b9\u03c1\u03cc\u03bc\u03b5\u03bd\u03c9\u03bd \u03b1\u03c3\u03b8\u03b5\u03bd\u03ce\u03bd.\u039f\u03b9 \u03b3\u03b9\u03b1\u03c4\u03c1\u03bf\u03af \u03bc\u03b1\u03c2 \u03c0\u03b1\u03c1\u03b1\u03ba\u03bf\u03bb\u03bf\u03c5\u03b8\u03bf\u03cd\u03bd \u03ba\u03b1\u03b8\u03b7\u03bc\u03b5\u03c1\u03b9\u03bd\u03ac \u03c4\u03b7\u03bd \u03c0\u03bf\u03c1\u03b5\u03af\u03b1 \u03c4\u03b7\u03c2 \u03c5\u03b3\u03b5\u03af\u03b1\u03c2 \u03c4\u03bf\u03c5\u03c2, \u03bc\u03b5\u03c4\u03ac \u03b1\u03c0\u03cc \u03ba\u03ac\u03b8\u03b5 \u03b8\u03b5\u03c1\u03b1\u03c0\u03b5\u03af\u03b1.\u03a4\u03bf \u03bd\u03bf\u03c3\u03b7\u03bb\u03b5\u03c5\u03c4\u03b9\u03ba\u03cc \u03bc\u03b1\u03c2 \u03c0\u03c1\u03bf\u03c3\u03c9\u03c0\u03b9\u03ba\u03cc \u03ba\u03b1\u03b8\u2019 \u03cc\u03bb\u03bf \u03c4\u03bf 24\u03c9\u03c1\u03bf \u03b5\u03af\u03bd\u03b1\u03b9 \u03c3\u03c4\u03b7 \u03b4\u03b9\u03ac\u03b8\u03b5\u03c3\u03ae \u03c4\u03bf\u03c5\u03c2 \u03c0\u03c1\u03bf\u03ba\u03b5\u03b9\u03bc\u03ad\u03bd\u03bf\u03c5 \u03bd\u03b1 \u03c4\u03bf\u03c5\u03c2 \u03b2\u03bf\u03b7\u03b8\u03ae\u03c3\u03b5\u03b9 \u03c3\u03c4\u03b7 \u03c7\u03bf\u03c1\u03ae\u03b3\u03b7\u03c3\u03b7 \u03c4\u03b7\u03c2 \u03c6\u03b1\u03c1\u03bc\u03b1\u03ba\u03b5\u03c5\u03c4\u03b9\u03ba\u03ae\u03c2 \u03c4\u03bf\u03c5\u03c2 \u03b1\u03b3\u03c9\u03b3\u03ae\u03c2 \u03b1\u03bb\u03bb\u03ac \u03ba\u03b1\u03b9 \u03c3\u03b5 \u03ba\u03ac\u03b8\u03b5 \u03ba\u03b1\u03b8\u03b7\u03bc\u03b5\u03c1\u03b9\u03bd\u03ae \u03b1\u03bd\u03ac\u03b3\u03ba\u03b7 \u03c4\u03bf\u03c5\u03c2.\u03a4\u03bf \u03b4\u03b9\u03b1\u03b9\u03c4\u03bf\u03bb\u03cc\u03b3\u03b9\u03bf \u03c4\u03b7\u03c2 \u039c\u03bf\u03bd\u03ac\u03b4\u03b1\u03c2 \u03b5\u03af\u03bd\u03b1\u03b9&hellip;","_links":{"self":[{"href":"https:\/\/kozani.enilion.gr\/sq\/wp-json\/wp\/v2\/pages\/542","targetHints":{"allow":["GET"]}}],"collection":[{"href":"https:\/\/kozani.enilion.gr\/sq\/wp-json\/wp\/v2\/pages"}],"about":[{"href":"https:\/\/kozani.enilion.gr\/sq\/wp-json\/wp\/v2\/types\/page"}],"author":[{"embeddable":true,"href":"https:\/\/kozani.enilion.gr\/sq\/wp-json\/wp\/v2\/users\/1"}],"replies":[{"embeddable":true,"href":"https:\/\/kozani.enilion.gr\/sq\/wp-json\/wp\/v2\/comments?post=542"}],"version-history":[{"count":27,"href":"https:\/\/kozani.enilion.gr\/sq\/wp-json\/wp\/v2\/pages\/542\/revisions"}],"predecessor-version":[{"id":2288,"href":"https:\/\/kozani.enilion.gr\/sq\/wp-json\/wp\/v2\/pages\/542\/revisions\/2288"}],"wp:attachment":[{"href":"https:\/\/kozani.enilion.gr\/sq\/wp-json\/wp\/v2\/media?parent=542"}],"curies":[{"name":"wp","href":"https:\/\/api.w.org\/{rel}","templated":true}]}}